{"id":8,"date":"2016-01-25T18:17:22","date_gmt":"2016-01-25T17:17:22","guid":{"rendered":"http:\/\/osmek.it\/?page_id=8"},"modified":"2023-10-24T10:03:30","modified_gmt":"2023-10-24T08:03:30","slug":"azienda","status":"publish","type":"page","link":"https:\/\/osmek.it\/fr\/azienda\/","title":{"rendered":"Entreprise"},"content":{"rendered":"<div class=\"vc_row wpb_row vc_row-fluid vc_custom_1596792359437\"><div class=\"wpb_column vc_column_container vc_col-sm-12\"><div class=\"vc_column-inner\"><div class=\"wpb_wrapper\"><div class=\"vc_separator wpb_content_element vc_separator_align_center vc_sep_width_100 vc_sep_pos_align_center vc_sep_color_grey vc_separator-has-text\" ><span class=\"vc_sep_holder vc_sep_holder_l\"><span  class=\"vc_sep_line\"><\/span><\/span><h4>ENTREPRISE<\/h4><span class=\"vc_sep_holder vc_sep_holder_r\"><span  class=\"vc_sep_line\"><\/span><\/span>\n<\/div><div class=\"vc_row wpb_row vc_inner vc_row-fluid vc_custom_1472542088560\"><div class=\"wpb_column vc_column_container vc_col-sm-4\"><div class=\"vc_column-inner\"><div class=\"wpb_wrapper\">\n\t<div class=\"wpb_text_column wpb_content_element\" >\n\t\t<div class=\"wpb_wrapper\">\n\t\t\t<p><img decoding=\"async\" src=\"https:\/\/osmek.it\/wp-content\/uploads\/2023\/10\/osmek-valmorea.jpg\" style=\"width: 100%; border: 1px solid #ebebeb;\" \/><\/p>\n\n\t\t<\/div>\n\t<\/div>\n<\/div><\/div><\/div><div class=\"wpb_column vc_column_container vc_col-sm-8\"><div class=\"vc_column-inner vc_custom_1472542017068\"><div class=\"wpb_wrapper\">\n\t<div class=\"wpb_text_column wpb_content_element\" >\n\t\t<div class=\"wpb_wrapper\">\n\t\t\t<p style=\"text-align: justify;\">OSMEK S.r.l., qui a son si\u00e8ge \u00e0 Valmorea dans la province de Como, op\u00e8re depuis des ann\u00e9es en tant qu\u2019entreprise g\u00e9n\u00e9rale au service des entreprises pour la construction et la commercialisation de composants m\u00e9caniques, \u00e9l\u00e9ments tourn\u00e9s et\/ou frais\u00e9s, groupes et sous-ensembles, petites pi\u00e8ces. Les atouts de l\u2019entreprise et les comp\u00e9tences principales sont la souplesse dans les achats, dans le commerce et dans le support \u00e0 ses clients (logistique &amp; ing\u00e9nierie).<\/p>\n<p style=\"text-align: justify;\">OSMEK S.r.l. est n\u00e9e de la volont\u00e9 des deux associ\u00e9s fondateurs avec pour objectif de proposer \u00e0 ces clients, en plus des usinages pour le compte de tiers effectu\u00e9s dans l\u2019autre soci\u00e9t\u00e9 du groupe, une gamme de produits \u00e0 360\u00b0 et un service innovant qui met \u00e0 disposition ses propres exp\u00e9riences et son savoir-faire pour se placer comme partenaire de r\u00e9f\u00e9rence aux c\u00f4t\u00e9s de ses clients sur un march\u00e9 de plus en plus exigeant et comp\u00e9titif.<\/p>\n\n\t\t<\/div>\n\t<\/div>\n<\/div><\/div><\/div><\/div><\/div><\/div><\/div><\/div><div class=\"vc_row wpb_row vc_row-fluid\"><div class=\"wpb_column vc_column_container vc_col-sm-12 vc_hidden-lg vc_hidden-md vc_hidden-sm vc_hidden-xs\"><div class=\"vc_column-inner\"><div class=\"wpb_wrapper\"><div class=\"vc_separator wpb_content_element vc_separator_align_center vc_sep_width_100 vc_sep_pos_align_center vc_sep_color_grey vc_separator-has-text\" ><span class=\"vc_sep_holder vc_sep_holder_l\"><span  class=\"vc_sep_line\"><\/span><\/span><h4>IL NOSTRO TEAM<\/h4><span class=\"vc_sep_holder vc_sep_holder_r\"><span  class=\"vc_sep_line\"><\/span><\/span>\n<\/div><div class=\"vc_row wpb_row vc_inner vc_row-fluid\"><div class=\"wpb_column vc_column_container vc_col-sm-3\"><div class=\"vc_column-inner\"><div class=\"wpb_wrapper\">\n\t<div class=\"wpb_text_column wpb_content_element\" >\n\t\t<div class=\"wpb_wrapper\">\n\t\t\t<table class=\"table-team\">\n<tbody>\n<tr>\n<th class=\"th-img\"><img decoding=\"async\" src=\"http:\/\/osmek.it\/wp-content\/uploads\/2016\/01\/male.jpg\" width=\"100%\" \/><\/th>\n<\/tr>\n<tr>\n<th class=\"th-testo\">\n<div class=\"titolo\">Simone Guerra<\/div>\n<div class=\"mansione\">Direzione, Vendite, Produzione, Acquisti<\/div>\n<div class=\"b-contacts-short-item-group\">\n<div class=\"b-contacts-short-item col-md-12 col-sm-4 col-xs-12\">\n<div class=\"b-contacts-short-item__icon f-contacts-short-item__icon b-left f-contacts-short-item__icon_xs\"><i class=\"fa fa-envelope\"><\/i><\/div>\n<div class=\"b-remaining f-contacts-short-item__text f-contacts-short-item__text_email\"><a href=\"mailto:s.guerra@osmek.it\">s.guerra@osmek.it <\/a><\/div>\n<\/div>\n<div class=\"b-contacts-short-item col-md-12 col-sm-4 col-xs-12\">\n<div class=\"b-contacts-short-item__icon f-contacts-short-item__icon b-left f-contacts-short-item__icon_xs\"><i class=\"fa fa-phone\"><\/i><\/div>\n<div class=\"b-remaining f-contacts-short-item__text f-contacts-short-item__text_email\">+39 0331 980000<\/div>\n<\/div>\n<div class=\"b-contacts-short-item col-md-12 col-sm-4 col-xs-12\">\n<div class=\"b-contacts-short-item__icon f-contacts-short-item__icon b-left f-contacts-short-item__icon_xs\"><i class=\"fa fa-fax\"><\/i><\/div>\n<div class=\"b-remaining f-contacts-short-item__text f-contacts-short-item__text_email\">+39 0331 983182<\/div>\n<\/div>\n<\/div>\n<\/th>\n<\/tr>\n<\/tbody>\n<\/table>\n\n\t\t<\/div>\n\t<\/div>\n<\/div><\/div><\/div><div class=\"wpb_column vc_column_container vc_col-sm-3\"><div class=\"vc_column-inner\"><div class=\"wpb_wrapper\">\n\t<div class=\"wpb_text_column wpb_content_element\" >\n\t\t<div class=\"wpb_wrapper\">\n\t\t\t<table class=\"table-team\">\n<tbody>\n<tr>\n<th class=\"th-img\"><img decoding=\"async\" src=\"http:\/\/osmek.it\/wp-content\/uploads\/2016\/01\/male.jpg\" width=\"100%\" \/><\/th>\n<\/tr>\n<tr>\n<th class=\"th-testo\">\n<div class=\"titolo\">Oscar Cavallaro<\/div>\n<div class=\"mansione\">Amministrazione<\/div>\n<div class=\"b-contacts-short-item-group\">\n<div class=\"b-contacts-short-item col-md-12 col-sm-4 col-xs-12\">\n<div class=\"b-contacts-short-item__icon f-contacts-short-item__icon b-left f-contacts-short-item__icon_xs\"><i class=\"fa fa-envelope\"><\/i><\/div>\n<div class=\"b-remaining f-contacts-short-item__text f-contacts-short-item__text_email\"><a href=\"mailto:o.cavallaro@osmek.it\">o.cavallaro@osmek.it <\/a><\/div>\n<\/div>\n<div class=\"b-contacts-short-item col-md-12 col-sm-4 col-xs-12\">\n<div class=\"b-contacts-short-item__icon f-contacts-short-item__icon b-left f-contacts-short-item__icon_xs\"><i class=\"fa fa-phone\"><\/i><\/div>\n<div class=\"b-remaining f-contacts-short-item__text f-contacts-short-item__text_email\">+39 0331 980000<\/div>\n<\/div>\n<div class=\"b-contacts-short-item col-md-12 col-sm-4 col-xs-12\">\n<div class=\"b-contacts-short-item__icon f-contacts-short-item__icon b-left f-contacts-short-item__icon_xs\"><i class=\"fa fa-fax\"><\/i><\/div>\n<div class=\"b-remaining f-contacts-short-item__text f-contacts-short-item__text_email\">+39 0331 983182<\/div>\n<\/div>\n<\/div>\n<\/th>\n<\/tr>\n<\/tbody>\n<\/table>\n\n\t\t<\/div>\n\t<\/div>\n<\/div><\/div><\/div><div class=\"wpb_column vc_column_container vc_col-sm-3\"><div class=\"vc_column-inner\"><div class=\"wpb_wrapper\">\n\t<div class=\"wpb_text_column wpb_content_element\" >\n\t\t<div class=\"wpb_wrapper\">\n\t\t\t<table class=\"table-team\">\n<tbody>\n<tr>\n<th class=\"th-img\"><img decoding=\"async\" src=\"http:\/\/osmek.it\/wp-content\/uploads\/2016\/01\/male.jpg\" width=\"100%\" \/><\/th>\n<\/tr>\n<tr>\n<th class=\"th-testo\">\n<div class=\"titolo\">Simone Guerra<\/div>\n<div class=\"mansione\">Acquisti, Produzione, Magazzino<\/div>\n<div class=\"b-contacts-short-item-group\">\n<div class=\"b-contacts-short-item col-md-12 col-sm-4 col-xs-12\">\n<div class=\"b-contacts-short-item__icon f-contacts-short-item__icon b-left f-contacts-short-item__icon_xs\"><i class=\"fa fa-envelope\"><\/i><\/div>\n<div class=\"b-remaining f-contacts-short-item__text f-contacts-short-item__text_email\"><a href=\"mailto:s.guerra@osmek.it\">s.guerra@osmek.it <\/a><\/div>\n<\/div>\n<div class=\"b-contacts-short-item col-md-12 col-sm-4 col-xs-12\">\n<div class=\"b-contacts-short-item__icon f-contacts-short-item__icon b-left f-contacts-short-item__icon_xs\"><i class=\"fa fa-phone\"><\/i><\/div>\n<div class=\"b-remaining f-contacts-short-item__text f-contacts-short-item__text_email\">+39 0331 980000<\/div>\n<\/div>\n<div class=\"b-contacts-short-item col-md-12 col-sm-4 col-xs-12\">\n<div class=\"b-contacts-short-item__icon f-contacts-short-item__icon b-left f-contacts-short-item__icon_xs\"><i class=\"fa fa-fax\"><\/i><\/div>\n<div class=\"b-remaining f-contacts-short-item__text f-contacts-short-item__text_email\">+39 0331 983182<\/div>\n<\/div>\n<\/div>\n<\/th>\n<\/tr>\n<\/tbody>\n<\/table>\n\n\t\t<\/div>\n\t<\/div>\n<\/div><\/div><\/div><div class=\"wpb_column vc_column_container vc_col-sm-3\"><div class=\"vc_column-inner\"><div class=\"wpb_wrapper\">\n\t<div class=\"wpb_text_column wpb_content_element\" >\n\t\t<div class=\"wpb_wrapper\">\n\t\t\t<table class=\"table-team\">\n<tbody>\n<tr>\n<th class=\"th-img\"><img decoding=\"async\" src=\"http:\/\/osmek.it\/wp-content\/uploads\/2016\/01\/female.jpg\" width=\"100%\" \/><\/th>\n<\/tr>\n<tr>\n<th class=\"th-testo\">\n<div class=\"titolo\">Chiara Manciagli<\/div>\n<div class=\"mansione\">Segreteria generale, Magazzino<\/div>\n<div class=\"b-contacts-short-item-group\">\n<div class=\"b-contacts-short-item col-md-12 col-sm-4 col-xs-12\">\n<div class=\"b-contacts-short-item__icon f-contacts-short-item__icon b-left f-contacts-short-item__icon_xs\"><i class=\"fa fa-envelope\"><\/i><\/div>\n<div class=\"b-remaining f-contacts-short-item__text f-contacts-short-item__text_email\"><a href=\"mailto:c.manciagli@osmek.it\">c.mangiagli@osmek.it <\/a><\/div>\n<\/div>\n<div class=\"b-contacts-short-item col-md-12 col-sm-4 col-xs-12\">\n<div class=\"b-contacts-short-item__icon f-contacts-short-item__icon b-left f-contacts-short-item__icon_xs\"><i class=\"fa fa-phone\"><\/i><\/div>\n<div class=\"b-remaining f-contacts-short-item__text f-contacts-short-item__text_email\">+39 0331 980000<\/div>\n<\/div>\n<div class=\"b-contacts-short-item col-md-12 col-sm-4 col-xs-12\">\n<div class=\"b-contacts-short-item__icon f-contacts-short-item__icon b-left f-contacts-short-item__icon_xs\"><i class=\"fa fa-fax\"><\/i><\/div>\n<div class=\"b-remaining f-contacts-short-item__text f-contacts-short-item__text_email\">+39 0331 983182<\/div>\n<\/div>\n<\/div>\n<\/th>\n<\/tr>\n<\/tbody>\n<\/table>\n\n\t\t<\/div>\n\t<\/div>\n<\/div><\/div><\/div><\/div><\/div><\/div><\/div><\/div>","protected":false},"excerpt":{"rendered":"AZIENDA OSMEK S.r.l. con sede a Valmorea in provincia di Como opera da anni come Impresa generale al servizio delle aziende per la costruzione e commercializzazione di componentistica meccanica, particolari torniti e\/o fresati, gruppi e sotto-assiemi, minuterie. I punti di forza dell\u2019azienda e le competenze principali sono la flessibilit\u00e0 negli acquisti, nel commercio e nel [...]","protected":false},"author":1,"featured_media":0,"parent":0,"menu_order":0,"comment_status":"closed","ping_status":"closed","template":"","meta":{"_bbp_topic_count":0,"_bbp_reply_count":0,"_bbp_total_topic_count":0,"_bbp_total_reply_count":0,"_bbp_voice_count":0,"_bbp_anonymous_reply_count":0,"_bbp_topic_count_hidden":0,"_bbp_reply_count_hidden":0,"_bbp_forum_subforum_count":0,"footnotes":""},"class_list":["post-8","page","type-page","status-publish","hentry"],"yoast_head":"<!-- This site is optimized with the Yoast SEO plugin v27.2 - https:\/\/yoast.com\/product\/yoast-seo-wordpress\/ -->\n<title>Azienda - Osmek s.r.l.<\/title>\n<meta name=\"robots\" content=\"index, follow, max-snippet:-1, max-image-preview:large, max-video-preview:-1\" \/>\n<link rel=\"canonical\" href=\"https:\/\/osmek.it\/fr\/azienda\/\" \/>\n<meta property=\"og:locale\" content=\"fr_FR\" \/>\n<meta property=\"og:type\" content=\"article\" \/>\n<meta property=\"og:title\" content=\"Azienda - Osmek s.r.l.\" \/>\n<meta property=\"og:url\" content=\"https:\/\/osmek.it\/fr\/azienda\/\" \/>\n<meta property=\"og:site_name\" content=\"Osmek s.r.l.\" \/>\n<meta property=\"article:modified_time\" content=\"2023-10-24T08:03:30+00:00\" \/>\n<meta property=\"og:image\" content=\"https:\/\/osmek.it\/wp-content\/uploads\/2023\/10\/osmek-valmorea.jpg\" \/>\n<meta name=\"twitter:card\" content=\"summary_large_image\" \/>\n<meta name=\"twitter:label1\" content=\"Dur\u00e9e de lecture estim\u00e9e\" \/>\n\t<meta name=\"twitter:data1\" content=\"2 minutes\" \/>\n<script type=\"application\/ld+json\" class=\"yoast-schema-graph\">{\"@context\":\"https:\/\/schema.org\",\"@graph\":[{\"@type\":\"WebPage\",\"@id\":\"https:\/\/osmek.it\/azienda\/\",\"url\":\"https:\/\/osmek.it\/azienda\/\",\"name\":\"Azienda - Osmek s.r.l.\",\"isPartOf\":{\"@id\":\"https:\/\/osmek.it\/#website\"},\"primaryImageOfPage\":{\"@id\":\"https:\/\/osmek.it\/azienda\/#primaryimage\"},\"image\":{\"@id\":\"https:\/\/osmek.it\/azienda\/#primaryimage\"},\"thumbnailUrl\":\"https:\/\/osmek.it\/wp-content\/uploads\/2023\/10\/osmek-valmorea.jpg\",\"datePublished\":\"2016-01-25T17:17:22+00:00\",\"dateModified\":\"2023-10-24T08:03:30+00:00\",\"breadcrumb\":{\"@id\":\"https:\/\/osmek.it\/azienda\/#breadcrumb\"},\"inLanguage\":\"fr-FR\",\"potentialAction\":[{\"@type\":\"ReadAction\",\"target\":[\"https:\/\/osmek.it\/azienda\/\"]}]},{\"@type\":\"ImageObject\",\"inLanguage\":\"fr-FR\",\"@id\":\"https:\/\/osmek.it\/azienda\/#primaryimage\",\"url\":\"https:\/\/osmek.it\/wp-content\/uploads\/2023\/10\/osmek-valmorea.jpg\",\"contentUrl\":\"https:\/\/osmek.it\/wp-content\/uploads\/2023\/10\/osmek-valmorea.jpg\"},{\"@type\":\"BreadcrumbList\",\"@id\":\"https:\/\/osmek.it\/azienda\/#breadcrumb\",\"itemListElement\":[{\"@type\":\"ListItem\",\"position\":1,\"name\":\"Home\",\"item\":\"https:\/\/osmek.it\/\"},{\"@type\":\"ListItem\",\"position\":2,\"name\":\"Azienda\"}]},{\"@type\":\"WebSite\",\"@id\":\"https:\/\/osmek.it\/#website\",\"url\":\"https:\/\/osmek.it\/\",\"name\":\"Osmek s.r.l.\",\"description\":\"\",\"potentialAction\":[{\"@type\":\"SearchAction\",\"target\":{\"@type\":\"EntryPoint\",\"urlTemplate\":\"https:\/\/osmek.it\/?s={search_term_string}\"},\"query-input\":{\"@type\":\"PropertyValueSpecification\",\"valueRequired\":true,\"valueName\":\"search_term_string\"}}],\"inLanguage\":\"fr-FR\"}]}<\/script>\n<!-- \/ Yoast SEO plugin. -->","yoast_head_json":{"title":"Azienda - Osmek s.r.l.","robots":{"index":"index","follow":"follow","max-snippet":"max-snippet:-1","max-image-preview":"max-image-preview:large","max-video-preview":"max-video-preview:-1"},"canonical":"https:\/\/osmek.it\/fr\/azienda\/","og_locale":"fr_FR","og_type":"article","og_title":"Azienda - Osmek s.r.l.","og_url":"https:\/\/osmek.it\/fr\/azienda\/","og_site_name":"Osmek s.r.l.","article_modified_time":"2023-10-24T08:03:30+00:00","og_image":[{"url":"https:\/\/osmek.it\/wp-content\/uploads\/2023\/10\/osmek-valmorea.jpg","type":"","width":"","height":""}],"twitter_card":"summary_large_image","twitter_misc":{"Dur\u00e9e de lecture estim\u00e9e":"2 minutes"},"schema":{"@context":"https:\/\/schema.org","@graph":[{"@type":"WebPage","@id":"https:\/\/osmek.it\/azienda\/","url":"https:\/\/osmek.it\/azienda\/","name":"Azienda - Osmek s.r.l.","isPartOf":{"@id":"https:\/\/osmek.it\/#website"},"primaryImageOfPage":{"@id":"https:\/\/osmek.it\/azienda\/#primaryimage"},"image":{"@id":"https:\/\/osmek.it\/azienda\/#primaryimage"},"thumbnailUrl":"https:\/\/osmek.it\/wp-content\/uploads\/2023\/10\/osmek-valmorea.jpg","datePublished":"2016-01-25T17:17:22+00:00","dateModified":"2023-10-24T08:03:30+00:00","breadcrumb":{"@id":"https:\/\/osmek.it\/azienda\/#breadcrumb"},"inLanguage":"fr-FR","potentialAction":[{"@type":"ReadAction","target":["https:\/\/osmek.it\/azienda\/"]}]},{"@type":"ImageObject","inLanguage":"fr-FR","@id":"https:\/\/osmek.it\/azienda\/#primaryimage","url":"https:\/\/osmek.it\/wp-content\/uploads\/2023\/10\/osmek-valmorea.jpg","contentUrl":"https:\/\/osmek.it\/wp-content\/uploads\/2023\/10\/osmek-valmorea.jpg"},{"@type":"BreadcrumbList","@id":"https:\/\/osmek.it\/azienda\/#breadcrumb","itemListElement":[{"@type":"ListItem","position":1,"name":"Home","item":"https:\/\/osmek.it\/"},{"@type":"ListItem","position":2,"name":"Azienda"}]},{"@type":"WebSite","@id":"https:\/\/osmek.it\/#website","url":"https:\/\/osmek.it\/","name":"Osmek s.r.l.","description":"","potentialAction":[{"@type":"SearchAction","target":{"@type":"EntryPoint","urlTemplate":"https:\/\/osmek.it\/?s={search_term_string}"},"query-input":{"@type":"PropertyValueSpecification","valueRequired":true,"valueName":"search_term_string"}}],"inLanguage":"fr-FR"}]}},"_links":{"self":[{"href":"https:\/\/osmek.it\/fr\/wp-json\/wp\/v2\/pages\/8","targetHints":{"allow":["GET"]}}],"collection":[{"href":"https:\/\/osmek.it\/fr\/wp-json\/wp\/v2\/pages"}],"about":[{"href":"https:\/\/osmek.it\/fr\/wp-json\/wp\/v2\/types\/page"}],"author":[{"embeddable":true,"href":"https:\/\/osmek.it\/fr\/wp-json\/wp\/v2\/users\/1"}],"replies":[{"embeddable":true,"href":"https:\/\/osmek.it\/fr\/wp-json\/wp\/v2\/comments?post=8"}],"version-history":[{"count":56,"href":"https:\/\/osmek.it\/fr\/wp-json\/wp\/v2\/pages\/8\/revisions"}],"predecessor-version":[{"id":746,"href":"https:\/\/osmek.it\/fr\/wp-json\/wp\/v2\/pages\/8\/revisions\/746"}],"wp:attachment":[{"href":"https:\/\/osmek.it\/fr\/wp-json\/wp\/v2\/media?parent=8"}],"curies":[{"name":"wp","href":"https:\/\/api.w.org\/{rel}","templated":true}]}}