{"id":32,"date":"2016-01-25T18:21:11","date_gmt":"2016-01-25T17:21:11","guid":{"rendered":"http:\/\/osmek.it\/?page_id=32"},"modified":"2023-11-02T13:02:50","modified_gmt":"2023-11-02T12:02:50","slug":"sede-e-contatti","status":"publish","type":"page","link":"https:\/\/osmek.it\/fr\/sede-e-contatti\/","title":{"rendered":"Contacts"},"content":{"rendered":"<div data-vc-full-width=\"true\" data-vc-full-width-init=\"false\" data-vc-stretch-content=\"true\" class=\"vc_row wpb_row vc_row-fluid vc_row-no-padding\"><div class=\"wpb_column vc_column_container vc_col-sm-12\"><div class=\"vc_column-inner\"><div class=\"wpb_wrapper\"><div class=\"wpb_gmaps_widget wpb_content_element\"><div class=\"wpb_wrapper\"><div class=\"wpb_map_wraper\"><iframe loading=\"lazy\" src=\"https:\/\/www.google.com\/maps\/embed?pb=!1m14!1m8!1m3!1d1891.622212217937!2d8.94159581174243!3d45.816906878758665!3m2!1i1024!2i768!4f13.1!3m3!1m2!1s0x47868337602135db%3A0xcee7ad8e5f1a5967!2sOsmek%20S.r.l.!5e0!3m2!1sit!2sit!4v1698926530160!5m2!1sit!2sit\" width=\"100%\" height=\"450\" frameborder=\"0\" style=\"border:0\" allowfullscreen><\/iframe><\/div><\/div><\/div><\/div><\/div><\/div><\/div><div class=\"vc_row-full-width vc_clearfix\"><\/div><div class=\"vc_row wpb_row vc_row-fluid vc_custom_1537872758317\"><div class=\"wpb_column vc_column_container vc_col-sm-6\"><div class=\"vc_column-inner\"><div class=\"wpb_wrapper\">\n<div class=\"wpcf7 no-js\" id=\"wpcf7-f5-o1\" lang=\"it-IT\" dir=\"ltr\" data-wpcf7-id=\"5\">\n<div class=\"screen-reader-response\"><p role=\"status\" aria-live=\"polite\" aria-atomic=\"true\"><\/p> <ul><\/ul><\/div>\n<form action=\"\/fr\/wp-json\/wp\/v2\/pages\/32#wpcf7-f5-o1\" method=\"post\" class=\"wpcf7-form init\" aria-label=\"Modulo di contatto\" novalidate=\"novalidate\" data-status=\"init\" data-trp-original-action=\"\/fr\/wp-json\/wp\/v2\/pages\/32#wpcf7-f5-o1\">\n<fieldset class=\"hidden-fields-container\"><input type=\"hidden\" name=\"_wpcf7\" value=\"5\" \/><input type=\"hidden\" name=\"_wpcf7_version\" value=\"6.1.5\" \/><input type=\"hidden\" name=\"_wpcf7_locale\" value=\"it_IT\" \/><input type=\"hidden\" name=\"_wpcf7_unit_tag\" value=\"wpcf7-f5-o1\" \/><input type=\"hidden\" name=\"_wpcf7_container_post\" value=\"0\" \/><input type=\"hidden\" name=\"_wpcf7_posted_data_hash\" value=\"\" \/><input type=\"hidden\" name=\"_wpcf7_recaptcha_response\" value=\"\" \/>\n<\/fieldset>\n<div class=\"b-contact-form__window c-primary\">\n\t<div class=\"col-xs-12 col-sm-12\">\n\t\t<p><b style=\"font-size: 18px;\">\u00c9CRIVEZ-NOUS !<\/b><br \/>\nNotre personnel vous r\u00e9pondra au plus vite\n\t\t<\/p>\n\t<\/div>\n<hr \/>\n\t<div class=\"col-xs-12 col-sm-6\">\n\t\t<p><span class=\"wpcf7-form-control-wrap\" data-name=\"nome\"><input size=\"40\" maxlength=\"400\" class=\"wpcf7-form-control wpcf7-text wpcf7-validates-as-required\" aria-required=\"true\" aria-invalid=\"false\" placeholder=\"Raison Sociale*\" value=\"\" type=\"text\" name=\"nome\" \/><\/span><span class=\"wpcf7-form-control-wrap\" data-name=\"email\"><input size=\"40\" maxlength=\"400\" class=\"wpcf7-form-control wpcf7-email wpcf7-validates-as-required wpcf7-text wpcf7-validates-as-email\" aria-required=\"true\" aria-invalid=\"false\" placeholder=\"E-mail*\" value=\"\" type=\"email\" name=\"email\" \/><\/span><span class=\"wpcf7-form-control-wrap\" data-name=\"telefono\"><input size=\"40\" maxlength=\"400\" class=\"wpcf7-form-control wpcf7-tel wpcf7-text wpcf7-validates-as-tel\" aria-invalid=\"false\" placeholder=\"T\u00e9l\u00e9phone\" value=\"\" type=\"tel\" name=\"telefono\" \/><\/span>\n\t\t<\/p>\n\t<\/div>\n\t<div class=\"col-xs-12 col-sm-6\">\n\t\t<p><span class=\"wpcf7-form-control-wrap\" data-name=\"messaggio\"><textarea cols=\"40\" rows=\"6\" maxlength=\"2000\" class=\"wpcf7-form-control wpcf7-textarea wpcf7-validates-as-required\" aria-required=\"true\" aria-invalid=\"false\" placeholder=\"Message*\" name=\"messaggio\"><\/textarea><\/span>\n\t\t<\/p>\n\t<\/div>\n\t<div class=\"col-xs-12 col-sm-12\">\n\t\t<p><span class=\"wpcf7-form-control-wrap\" data-name=\"consenso\"><span class=\"wpcf7-form-control wpcf7-acceptance\"><span class=\"wpcf7-list-item\"><input type=\"checkbox\" name=\"consenso\" value=\"1\" aria-invalid=\"false\" \/><\/span><\/span><\/span> J'ai lu et j\u2019accepte la <a href=\"\/\/www.iubenda.com\/privacy-policy\/7874109\" class=\"iubenda-pp iubenda-it iubenda-nostyle iubenda-embed\" title=\"Privacy Policy\">Privacy Policy<\/a><a href=\"https:\/\/www.iubenda.com\/privacy-policy\/73820197\" class=\"iubenda-pp iubenda-en iubenda-nostyle iubenda-noiframe iubenda-embed iubenda-noiframe\" title=\"Privacy Policy \">Privacy Policy<\/a><a href=\"https:\/\/www.iubenda.com\/privacy-policy\/68090684\" class=\"iubenda-pp iubenda-de iubenda-nostyle iubenda-noiframe iubenda-embed iubenda-noiframe\" title=\"Datenschutzerkl\u00e4rung \">Datenschutzerkl\u00e4rung<\/a><a href=\"https:\/\/www.iubenda.com\/privacy-policy\/39144513\" class=\"iubenda-pp iubenda-fr iubenda-nostyle iubenda-noiframe iubenda-embed iubenda-noiframe\" title=\"Politique de confidentialit\u00e9 \">Politique de confidentialit\u00e9<\/a>\n\t\t<\/p>\n\t<\/div>\n\t<div class=\"col-xs-12 col-sm-12\">\n\t\t<p><input class=\"wpcf7-form-control wpcf7-submit has-spinner\" type=\"submit\" value=\"soumettre\" \/>\n\t\t<\/p>\n\t<\/div>\n<\/div><div class=\"wpcf7-response-output\" aria-hidden=\"true\"><\/div>\n<input type=\"hidden\" name=\"trp-form-language\" value=\"fr\"\/><\/form>\n<\/div>\n<\/div><\/div><\/div><div class=\"wpb_column vc_column_container vc_col-sm-6\"><div class=\"vc_column-inner vc_custom_1537872777967\"><div class=\"wpb_wrapper\">\n\t<div class=\"wpb_text_column wpb_content_element\" >\n\t\t<div class=\"wpb_wrapper\">\n\t\t\t<div class=\"row-icona-sede-contatti\">\n<div class=\"icona-sede-contatti b-infoblock-with-icon__icon f-infoblock-with-icon__icon fade-in-animate visible\"><i class=\"fa fa-home\"><\/i><\/div>\n<div class=\"testo-icona-sede-contatti indirizzo\">Via Brughiere, 94\/152 &#8211; Ang. Via Parini<br \/>\n22070 Valmorea (CO)<\/div>\n<\/div>\n\n\t\t<\/div>\n\t<\/div>\n<div class=\"vc_row wpb_row vc_inner vc_row-fluid vc_custom_1537872866410\"><div class=\"wpb_column vc_column_container vc_col-sm-6\"><div class=\"vc_column-inner\"><div class=\"wpb_wrapper\">\n\t<div class=\"wpb_text_column wpb_content_element\" >\n\t\t<div class=\"wpb_wrapper\">\n\t\t\t<div class=\"row-icona-sede-contatti col-md-12 col-sm-12 col-xs-12\">\n<div class=\"icona-sede-contatti b-infoblock-with-icon__icon f-infoblock-with-icon__icon fade-in-animate visible\"><i class=\"fa fa-envelope\"><\/i><\/div>\n<div class=\"testo-icona-sede-contatti\"><a href=\"mailto:info@osmek.it\">info@osmek.it<\/a><\/div>\n<\/div>\n\n\t\t<\/div>\n\t<\/div>\n<\/div><\/div><\/div><div class=\"wpb_column vc_column_container vc_col-sm-6\"><div class=\"vc_column-inner\"><div class=\"wpb_wrapper\">\n\t<div class=\"wpb_text_column wpb_content_element\" >\n\t\t<div class=\"wpb_wrapper\">\n\t\t\t<div class=\"row-icona-sede-contatti col-md-12 col-sm-12 col-xs-12\">\n<div class=\"icona-sede-contatti b-infoblock-with-icon__icon f-infoblock-with-icon__icon fade-in-animate visible\"><i class=\"fa fa-phone\"><\/i><\/div>\n<div class=\"testo-icona-sede-contatti\">+39 0331.980000<\/div>\n<\/div>\n\n\t\t<\/div>\n\t<\/div>\n<\/div><\/div><\/div><\/div><\/div><\/div><\/div><\/div>","protected":false},"excerpt":{"rendered":"SCRIVICI! Il nostro staff ti risponder\u00e0 quanto prima Ho letto ed accetto la Privacy PolicyPrivacy PolicyDatenschutzerkl\u00e4rungPolitique de confidentialit\u00e9 Via Brughiere, 94\/152 - Ang. Via Parini 22070 Valmorea (CO) info@osmek.it +39 0331.980000","protected":false},"author":1,"featured_media":0,"parent":0,"menu_order":0,"comment_status":"closed","ping_status":"closed","template":"","meta":{"_bbp_topic_count":0,"_bbp_reply_count":0,"_bbp_total_topic_count":0,"_bbp_total_reply_count":0,"_bbp_voice_count":0,"_bbp_anonymous_reply_count":0,"_bbp_topic_count_hidden":0,"_bbp_reply_count_hidden":0,"_bbp_forum_subforum_count":0,"footnotes":""},"class_list":["post-32","page","type-page","status-publish","hentry"],"yoast_head":"<!-- This site is optimized with the Yoast SEO plugin v27.2 - https:\/\/yoast.com\/product\/yoast-seo-wordpress\/ -->\n<title>Sede e Contatti - Osmek s.r.l.<\/title>\n<meta name=\"description\" content=\"Siamo in Via Brughiera 94\/152 a Valmorea (CO). Per richieste di informazioni o preventivi contataci adesso. T. 0331 980000 \u2022\u00a0info@osmek.it\" \/>\n<meta name=\"robots\" content=\"index, follow, max-snippet:-1, max-image-preview:large, max-video-preview:-1\" \/>\n<link rel=\"canonical\" href=\"https:\/\/osmek.it\/fr\/sede-e-contatti\/\" \/>\n<meta property=\"og:locale\" content=\"fr_FR\" \/>\n<meta property=\"og:type\" content=\"article\" \/>\n<meta property=\"og:title\" content=\"Sede e Contatti - Osmek s.r.l.\" \/>\n<meta property=\"og:description\" content=\"Siamo in Via Brughiera 94\/152 a Valmorea (CO). Per richieste di informazioni o preventivi contataci adesso. T. 0331 980000 \u2022\u00a0info@osmek.it\" \/>\n<meta property=\"og:url\" content=\"https:\/\/osmek.it\/fr\/sede-e-contatti\/\" \/>\n<meta property=\"og:site_name\" content=\"Osmek s.r.l.\" \/>\n<meta property=\"article:modified_time\" content=\"2023-11-02T12:02:50+00:00\" \/>\n<meta name=\"twitter:card\" content=\"summary_large_image\" \/>\n<meta name=\"twitter:label1\" content=\"Dur\u00e9e de lecture estim\u00e9e\" \/>\n\t<meta name=\"twitter:data1\" content=\"1 minute\" \/>\n<script type=\"application\/ld+json\" class=\"yoast-schema-graph\">{\"@context\":\"https:\/\/schema.org\",\"@graph\":[{\"@type\":\"WebPage\",\"@id\":\"https:\/\/osmek.it\/sede-e-contatti\/\",\"url\":\"https:\/\/osmek.it\/sede-e-contatti\/\",\"name\":\"Sede e Contatti - Osmek s.r.l.\",\"isPartOf\":{\"@id\":\"https:\/\/osmek.it\/#website\"},\"datePublished\":\"2016-01-25T17:21:11+00:00\",\"dateModified\":\"2023-11-02T12:02:50+00:00\",\"description\":\"Siamo in Via Brughiera 94\/152 a Valmorea (CO). Per richieste di informazioni o preventivi contataci adesso. T. 0331 980000 \u2022\u00a0info@osmek.it\",\"breadcrumb\":{\"@id\":\"https:\/\/osmek.it\/sede-e-contatti\/#breadcrumb\"},\"inLanguage\":\"fr-FR\",\"potentialAction\":[{\"@type\":\"ReadAction\",\"target\":[\"https:\/\/osmek.it\/sede-e-contatti\/\"]}]},{\"@type\":\"BreadcrumbList\",\"@id\":\"https:\/\/osmek.it\/sede-e-contatti\/#breadcrumb\",\"itemListElement\":[{\"@type\":\"ListItem\",\"position\":1,\"name\":\"Home\",\"item\":\"https:\/\/osmek.it\/\"},{\"@type\":\"ListItem\",\"position\":2,\"name\":\"Sede e Contatti\"}]},{\"@type\":\"WebSite\",\"@id\":\"https:\/\/osmek.it\/#website\",\"url\":\"https:\/\/osmek.it\/\",\"name\":\"Osmek s.r.l.\",\"description\":\"\",\"potentialAction\":[{\"@type\":\"SearchAction\",\"target\":{\"@type\":\"EntryPoint\",\"urlTemplate\":\"https:\/\/osmek.it\/?s={search_term_string}\"},\"query-input\":{\"@type\":\"PropertyValueSpecification\",\"valueRequired\":true,\"valueName\":\"search_term_string\"}}],\"inLanguage\":\"fr-FR\"}]}<\/script>\n<!-- \/ Yoast SEO plugin. -->","yoast_head_json":{"title":"Sede e Contatti - Osmek s.r.l.","description":"Siamo in Via Brughiera 94\/152 a Valmorea (CO). Per richieste di informazioni o preventivi contataci adesso. T. 0331 980000 \u2022\u00a0info@osmek.it","robots":{"index":"index","follow":"follow","max-snippet":"max-snippet:-1","max-image-preview":"max-image-preview:large","max-video-preview":"max-video-preview:-1"},"canonical":"https:\/\/osmek.it\/fr\/sede-e-contatti\/","og_locale":"fr_FR","og_type":"article","og_title":"Sede e Contatti - Osmek s.r.l.","og_description":"Siamo in Via Brughiera 94\/152 a Valmorea (CO). Per richieste di informazioni o preventivi contataci adesso. T. 0331 980000 \u2022\u00a0info@osmek.it","og_url":"https:\/\/osmek.it\/fr\/sede-e-contatti\/","og_site_name":"Osmek s.r.l.","article_modified_time":"2023-11-02T12:02:50+00:00","twitter_card":"summary_large_image","twitter_misc":{"Dur\u00e9e de lecture estim\u00e9e":"1 minute"},"schema":{"@context":"https:\/\/schema.org","@graph":[{"@type":"WebPage","@id":"https:\/\/osmek.it\/sede-e-contatti\/","url":"https:\/\/osmek.it\/sede-e-contatti\/","name":"Sede e Contatti - Osmek s.r.l.","isPartOf":{"@id":"https:\/\/osmek.it\/#website"},"datePublished":"2016-01-25T17:21:11+00:00","dateModified":"2023-11-02T12:02:50+00:00","description":"Siamo in Via Brughiera 94\/152 a Valmorea (CO). Per richieste di informazioni o preventivi contataci adesso. T. 0331 980000 \u2022\u00a0info@osmek.it","breadcrumb":{"@id":"https:\/\/osmek.it\/sede-e-contatti\/#breadcrumb"},"inLanguage":"fr-FR","potentialAction":[{"@type":"ReadAction","target":["https:\/\/osmek.it\/sede-e-contatti\/"]}]},{"@type":"BreadcrumbList","@id":"https:\/\/osmek.it\/sede-e-contatti\/#breadcrumb","itemListElement":[{"@type":"ListItem","position":1,"name":"Home","item":"https:\/\/osmek.it\/"},{"@type":"ListItem","position":2,"name":"Sede e Contatti"}]},{"@type":"WebSite","@id":"https:\/\/osmek.it\/#website","url":"https:\/\/osmek.it\/","name":"Osmek s.r.l.","description":"","potentialAction":[{"@type":"SearchAction","target":{"@type":"EntryPoint","urlTemplate":"https:\/\/osmek.it\/?s={search_term_string}"},"query-input":{"@type":"PropertyValueSpecification","valueRequired":true,"valueName":"search_term_string"}}],"inLanguage":"fr-FR"}]}},"_links":{"self":[{"href":"https:\/\/osmek.it\/fr\/wp-json\/wp\/v2\/pages\/32","targetHints":{"allow":["GET"]}}],"collection":[{"href":"https:\/\/osmek.it\/fr\/wp-json\/wp\/v2\/pages"}],"about":[{"href":"https:\/\/osmek.it\/fr\/wp-json\/wp\/v2\/types\/page"}],"author":[{"embeddable":true,"href":"https:\/\/osmek.it\/fr\/wp-json\/wp\/v2\/users\/1"}],"replies":[{"embeddable":true,"href":"https:\/\/osmek.it\/fr\/wp-json\/wp\/v2\/comments?post=32"}],"version-history":[{"count":131,"href":"https:\/\/osmek.it\/fr\/wp-json\/wp\/v2\/pages\/32\/revisions"}],"predecessor-version":[{"id":748,"href":"https:\/\/osmek.it\/fr\/wp-json\/wp\/v2\/pages\/32\/revisions\/748"}],"wp:attachment":[{"href":"https:\/\/osmek.it\/fr\/wp-json\/wp\/v2\/media?parent=32"}],"curies":[{"name":"wp","href":"https:\/\/api.w.org\/{rel}","templated":true}]}}