{"id":26,"date":"2016-01-25T18:20:27","date_gmt":"2016-01-25T17:20:27","guid":{"rendered":"http:\/\/osmek.it\/?page_id=26"},"modified":"2016-05-09T14:43:21","modified_gmt":"2016-05-09T12:43:21","slug":"tranciatura-di-minuterie-metalliche","status":"publish","type":"page","link":"https:\/\/osmek.it\/fr\/tranciatura-di-minuterie-metalliche\/","title":{"rendered":"Cisaillage de petites pi\u00e8ces m\u00e9talliques"},"content":{"rendered":"<div data-vc-full-width=\"true\" data-vc-full-width-init=\"false\" data-vc-stretch-content=\"true\" class=\"vc_row wpb_row vc_row-fluid vc_custom_1454059376523 vc_row-no-padding\"><div class=\"wpb_column vc_column_container vc_col-sm-12\"><div class=\"vc_column-inner\"><div class=\"wpb_wrapper\">\n\t<div class=\"wpb_text_column wpb_content_element\" >\n\t\t<div class=\"wpb_wrapper\">\n\t\t\t<p><img decoding=\"async\" src=\"http:\/\/osmek.it\/wp-content\/uploads\/2016\/01\/Tranciatura-di-Minuterie-Metalliche.jpg\" alt=\"Tranciatura di Minuterie Metalliche Varese e Milano - Osmek\" width=\"100%\" \/><\/p>\n\n\t\t<\/div>\n\t<\/div>\n<\/div><\/div><\/div><\/div><div class=\"vc_row-full-width vc_clearfix\"><\/div><div class=\"vc_row wpb_row vc_row-fluid\"><div class=\"wpb_column vc_column_container vc_col-sm-8\"><div class=\"vc_column-inner\"><div class=\"wpb_wrapper\">\n\t<div class=\"wpb_text_column wpb_content_element  wpb_animate_when_almost_visible wpb_appear appear\" >\n\t\t<div class=\"wpb_wrapper\">\n\t\t\t<h1 class=\"titolo\">Cisaillage de petites pi\u00e8ces m\u00e9talliques<\/h1>\n\n\t\t<\/div>\n\t<\/div>\n\n\t<div class=\"wpb_text_column wpb_content_element  wpb_animate_when_almost_visible wpb_appear appear\" >\n\t\t<div class=\"wpb_wrapper\">\n\t\t\t<p class=\"translation-block\"><strong>Le cisaillage de petites pi\u00e8ces m\u00e9talliques <\/strong>et de mat\u00e9riaux m\u00e9talliques fait partie de la proposition d'usinages qu\u2019Osmek S.r.l. propose \u00e0 ses clients gr\u00e2ce \u00e9galement \u00e0 une coentreprise avec une entreprise sp\u00e9cialis\u00e9e dans le cisaillage de petites pi\u00e8ces m\u00e9caniques et\/ou m\u00e9talliques pour le compte de tiers, pliage t\u00f4les, usinages d\u2019assemblage et reprise sur tous les types de mat\u00e9riaux. Des presses m\u00e9caniques jusqu\u2019\u00e0 160 tonnes sont disponibles pour l\u2019ex\u00e9cution d'une vaste gamme de produits. Nous pouvons utiliser aussi bien des moules simples qu'en bloc ou bien progressif.<\/p>\n<p>Le tout constamment dans le respect des exigences \u00e9conomiques et qualitatives de ses clients.<\/p>\n<p>Nous pouvons proposer le service complet depuis la fabrication du moule jusqu\u2019\u00e0 la livraison du produit fini ou bien effectuer les usinages pour le compte de tiers en utilisant les \u00e9quipements de nos clients.<\/p>\n<p>N\u2019h\u00e9sitez pas \u00e0 nous soumettre votre dessin \u00e0 r\u00e9aliser par cisaillage. Nous pouvons par ailleurs fournir tous les usinages accessoires n\u00e9cessaires pour la finalisation de la pi\u00e8ce et pouvoir fournir \u00e0 nos clients le produit fini.<\/p>\n\n\t\t<\/div>\n\t<\/div>\n<div class=\"vc_empty_space\"   style=\"height: 5px\"><span class=\"vc_empty_space_inner\"><\/span><\/div>\n\t<div class=\"wpb_text_column wpb_content_element  wpb_animate_when_almost_visible wpb_appear appear\" >\n\t\t<div class=\"wpb_wrapper\">\n\t\t\t<h3 class=\"sub-titolo\">Produits<\/h3>\n\n\t\t<\/div>\n\t<\/div>\n\n<div class=\"vc_grid-container-wrapper vc_clearfix vc_grid-animation-fadeIn\">\n\t<div class=\"vc_grid-container vc_clearfix wpb_content_element vc_media_grid\" data-initial-loading-animation=\"fadeIn\" data-vc-grid-settings=\"{&quot;page_id&quot;:26,&quot;style&quot;:&quot;all&quot;,&quot;action&quot;:&quot;vc_get_vc_grid_data&quot;,&quot;shortcode_id&quot;:&quot;1462797781144-07df0706-5165-9&quot;,&quot;tag&quot;:&quot;vc_media_grid&quot;}\" data-vc-request=\"https:\/\/osmek.it\/wp-admin\/admin-ajax.php\" data-vc-post-id=\"26\" data-vc-public-nonce=\"5498e9204c\">\n\t\t\n\t<\/div>\n<\/div>\n\t<div class=\"wpb_text_column wpb_content_element\" >\n\t\t<div class=\"wpb_wrapper\">\n\t\t\t<h2 class=\"titolo_seo\">Entreprise sp\u00e9cialis\u00e9e dans le cisaillage de petites pi\u00e8ces m\u00e9talliques en g\u00e9n\u00e9ral dans la province de Varese<\/h2>\n\n\t\t<\/div>\n\t<\/div>\n<\/div><\/div><\/div><div class=\"wpb_column vc_column_container vc_col-sm-4\"><div class=\"vc_column-inner\"><div class=\"wpb_wrapper\"><div  class=\"wpb_widgetised_column wpb_content_element wpb_animate_when_almost_visible wpb_appear wpb_start_animation\">\n\t\t<div class=\"wpb_wrapper\">\n\t\t\t\n\t\t\t<div class=\"frexy-dynamic-sidebar frexy_sidebar\"><div class=\"b-default-bottom-indent\">\t\t\t<div class=\"textwidget\">\n<div class=\"wpcf7 no-js\" id=\"wpcf7-f303-o1\" lang=\"it-IT\" dir=\"ltr\" data-wpcf7-id=\"303\">\n<div class=\"screen-reader-response\"><p role=\"status\" aria-live=\"polite\" aria-atomic=\"true\"><\/p> <ul><\/ul><\/div>\n<form action=\"\/fr\/wp-json\/wp\/v2\/pages\/26#wpcf7-f303-o1\" method=\"post\" class=\"wpcf7-form init\" aria-label=\"Modulo di contatto\" novalidate=\"novalidate\" data-status=\"init\" data-trp-original-action=\"\/fr\/wp-json\/wp\/v2\/pages\/26#wpcf7-f303-o1\">\n<fieldset class=\"hidden-fields-container\"><input type=\"hidden\" name=\"_wpcf7\" value=\"303\" \/><input type=\"hidden\" name=\"_wpcf7_version\" value=\"6.1.5\" \/><input type=\"hidden\" name=\"_wpcf7_locale\" value=\"it_IT\" \/><input type=\"hidden\" name=\"_wpcf7_unit_tag\" value=\"wpcf7-f303-o1\" \/><input type=\"hidden\" name=\"_wpcf7_container_post\" value=\"0\" \/><input type=\"hidden\" name=\"_wpcf7_posted_data_hash\" value=\"\" \/><input type=\"hidden\" name=\"_wpcf7_recaptcha_response\" value=\"\" \/>\n<\/fieldset>\n<div class=\"col-xs-12 col-sm-12\">\n\t<p><b style=\" font-size: 18px; margin-bottom: 15px; float: left;\">\u00c9crivez-nous pour un devis<\/b>\n\t<\/p>\n<\/div>\n<hr \/>\n<div class=\"col-xs-12 col-sm-12\">\n\t<p><span class=\"wpcf7-form-control-wrap\" data-name=\"nome\"><input size=\"40\" maxlength=\"400\" class=\"wpcf7-form-control wpcf7-text wpcf7-validates-as-required\" aria-required=\"true\" aria-invalid=\"false\" placeholder=\"Raison Sociale*\" value=\"\" type=\"text\" name=\"nome\" \/><\/span><span class=\"wpcf7-form-control-wrap\" data-name=\"email\"><input size=\"40\" maxlength=\"400\" class=\"wpcf7-form-control wpcf7-email wpcf7-validates-as-required wpcf7-text wpcf7-validates-as-email\" aria-required=\"true\" aria-invalid=\"false\" placeholder=\"E-mail*\" value=\"\" type=\"email\" name=\"email\" \/><\/span>\n\t<\/p>\n<\/div>\n<div class=\"col-xs-12 col-sm-12\">\n\t<p><span class=\"wpcf7-form-control-wrap\" data-name=\"telefono\"><input size=\"40\" maxlength=\"400\" class=\"wpcf7-form-control wpcf7-tel wpcf7-text wpcf7-validates-as-tel\" aria-invalid=\"false\" placeholder=\"T\u00e9l\u00e9phone\" value=\"\" type=\"tel\" name=\"telefono\" \/><\/span>\n\t<\/p>\n<\/div>\n<div class=\"col-xs-12 col-sm-12\">\n\t<p><span class=\"wpcf7-form-control-wrap\" data-name=\"messaggio\"><textarea cols=\"40\" rows=\"6\" maxlength=\"2000\" class=\"wpcf7-form-control wpcf7-textarea wpcf7-validates-as-required\" aria-required=\"true\" aria-invalid=\"false\" placeholder=\"Message*\" name=\"messaggio\"><\/textarea><\/span>\n\t<\/p>\n<\/div>\n<div class=\"col-xs-12 col-sm-12\">\n\t<p><span class=\"wpcf7-form-control-wrap\" data-name=\"consenso\"><span class=\"wpcf7-form-control wpcf7-acceptance\"><span class=\"wpcf7-list-item\"><input type=\"checkbox\" name=\"consenso\" value=\"1\" aria-invalid=\"false\" \/><\/span><\/span><\/span> J'ai lu et j\u2019accepte la <a href=\"\/\/www.iubenda.com\/privacy-policy\/7874109\" class=\"iubenda-pp iubenda-it iubenda-nostyle iubenda-embed\" title=\"Privacy Policy\">Privacy Policy<\/a><a href=\"https:\/\/www.iubenda.com\/privacy-policy\/73820197\" class=\"iubenda-pp iubenda-en iubenda-nostyle iubenda-noiframe iubenda-embed iubenda-noiframe\" title=\"Privacy Policy \">Privacy Policy<\/a><a href=\"https:\/\/www.iubenda.com\/privacy-policy\/68090684\" class=\"iubenda-pp iubenda-de iubenda-nostyle iubenda-noiframe iubenda-embed iubenda-noiframe\" title=\"Datenschutzerkl\u00e4rung \">Datenschutzerkl\u00e4rung<\/a><a href=\"https:\/\/www.iubenda.com\/privacy-policy\/39144513\" class=\"iubenda-pp iubenda-fr iubenda-nostyle iubenda-noiframe iubenda-embed iubenda-noiframe\" title=\"Politique de confidentialit\u00e9 \">Politique de confidentialit\u00e9<\/a>\n\t<\/p>\n<\/div>\n<div class=\"col-xs-12 col-sm-12\">\n\t<p><input class=\"wpcf7-form-control wpcf7-submit has-spinner\" type=\"submit\" value=\"soumettre\" \/>\n\t<\/p>\n<\/div><div class=\"wpcf7-response-output\" aria-hidden=\"true\"><\/div>\n<input type=\"hidden\" name=\"trp-form-language\" value=\"fr\"\/><\/form>\n<\/div>\n<\/div>\n\t\t<\/div><div class=\"b-default-bottom-indent\">\t\t\t<div class=\"textwidget\"><div class=\"col-md-12 col-sm-12 col-xs-12\">  \r\n<div class=\"\">   \r\n<b style=\"font-size: 18px; margin-bottom: 15px; float: left;\">USINAGES<\/b><\/div>\r\n\r\n\t<ul class=\"menu-footer\">\r\n<li class=\"b-top-nav__2level f-top-nav__2level f-primary\"><a href=\"http:\/\/osmek.it\/fr\/tornitura-metalli\/\" class=\"menu-link sub-menu-link\"><i class=\"fa b-menu-1level-ico\" data-name=\"\"><\/i><i class=\"fa fa-angle-right\"><\/i>TOURNAGE <\/a><\/li>\r\n<li class=\"b-top-nav__2level f-top-nav__2level f-primary\"><a href=\"http:\/\/osmek.it\/fr\/fresatura\/\" class=\"menu-link sub-menu-link\"><i class=\"fa b-menu-1level-ico\" data-name=\"\"><\/i><i class=\"fa fa-angle-right\"><\/i>FRAISAGE <\/a><\/li>\r\n<li class=\"b-top-nav__2level f-top-nav__2level f-primary\"><a href=\"http:\/\/osmek.it\/fr\/tranciatura-di-minuterie-metalliche\/\" class=\"menu-link sub-menu-link\"><i class=\"fa b-menu-1level-ico\" data-name=\"\"><\/i><i class=\"fa fa-angle-right\"><\/i>Cisaillage de petites pi\u00e8ces m\u00e9talliques <\/a><\/li>\r\n<li class=\"b-top-nav__2level f-top-nav__2level f-primary\"><a href=\"http:\/\/osmek.it\/fr\/piegatura-di-tubi-in-acciaio-inox\/\" class=\"menu-link sub-menu-link\"><i class=\"fa b-menu-1level-ico\" data-name=\"\"><\/i><i class=\"fa fa-angle-right\"><\/i>Pliage et Fa\u00e7onnage Tuyaux <\/a><\/li>\r\n<li class=\"b-top-nav__2level f-top-nav__2level f-primary\"><a href=\"http:\/\/osmek.it\/fr\/lavorazione-da-filo\/\" class=\"menu-link sub-menu-link\"><i class=\"fa b-menu-1level-ico\" data-name=\"\"><\/i><i class=\"fa fa-angle-right\"><\/i>Usinage de Fil M\u00e9tallique <\/a><\/li>\r\n<li class=\"b-top-nav__2level f-top-nav__2level f-primary\"><a href=\"http:\/\/osmek.it\/fr\/carpenteria-leggera\/\" class=\"menu-link sub-menu-link\"><i class=\"fa b-menu-1level-ico\" data-name=\"\"><\/i><i class=\"fa fa-angle-right\"><\/i>Charpentes L\u00e9g\u00e8res <\/a><\/li>\r\n<li class=\"b-top-nav__2level f-top-nav__2level f-primary\"><a href=\"http:\/\/osmek.it\/fr\/trattamenti-galvanici-e-di-finitura-su-ferro-ed-ottone\/\" class=\"menu-link sub-menu-link\"><i class=\"fa b-menu-1level-ico\" data-name=\"\"><\/i><i class=\"fa fa-angle-right\"><\/i>TRAITEMENTS GALVANIQUES DE FINITION <\/a><\/li>\r\n<li class=\"b-top-nav__2level f-top-nav__2level f-primary\"><a href=\"http:\/\/osmek.it\/fr\/trattamenti-termici\/\" class=\"menu-link sub-menu-link\"><i class=\"fa b-menu-1level-ico\" data-name=\"\"><\/i><i class=\"fa fa-angle-right\"><\/i>TRAITEMENTS THERMIQUES <\/a><\/li>\r\n<\/ul>\r\n    \r\n<\/div><\/div>\n\t\t<\/div><\/div>\n\t\t<\/div>\n\t<\/div>\n<\/div><\/div><\/div><\/div>","protected":false},"excerpt":{"rendered":"Tranciatura di minuterie metalliche Tranciatura di minuterie metalliche e di materiali metallici fanno parte dell'offerta di lavorazioni che Osmek S.r.l. offre ai propri clienti questo grazie anche ad una joint venture con una azienda specializzata in tranciatura di minuterie Meccaniche e\/o metalliche conto terzi, piegatura lamiere, lavorazioni di assemblaggio e ripresa su ogni tipo di [...]","protected":false},"author":1,"featured_media":0,"parent":0,"menu_order":0,"comment_status":"closed","ping_status":"closed","template":"","meta":{"_bbp_topic_count":0,"_bbp_reply_count":0,"_bbp_total_topic_count":0,"_bbp_total_reply_count":0,"_bbp_voice_count":0,"_bbp_anonymous_reply_count":0,"_bbp_topic_count_hidden":0,"_bbp_reply_count_hidden":0,"_bbp_forum_subforum_count":0,"footnotes":""},"class_list":["post-26","page","type-page","status-publish","hentry"],"yoast_head":"<!-- This site is optimized with the Yoast SEO plugin v27.2 - https:\/\/yoast.com\/product\/yoast-seo-wordpress\/ -->\n<title>Tranciatura di Minuterie Metalliche Varese e Milano - Osmek<\/title>\n<meta name=\"description\" content=\"Azienda specializzata nella tranciatura di minuterie metalliche e di materiali metallici in generale in provincia di Varese. Osmek - T. 0331 980000\" \/>\n<meta name=\"robots\" content=\"index, follow, max-snippet:-1, max-image-preview:large, max-video-preview:-1\" \/>\n<link rel=\"canonical\" href=\"https:\/\/osmek.it\/fr\/tranciatura-di-minuterie-metalliche\/\" \/>\n<meta property=\"og:locale\" content=\"fr_FR\" \/>\n<meta property=\"og:type\" content=\"article\" \/>\n<meta property=\"og:title\" content=\"Tranciatura di Minuterie Metalliche Varese e Milano - Osmek\" \/>\n<meta property=\"og:description\" content=\"Azienda specializzata nella tranciatura di minuterie metalliche e di materiali metallici in generale in provincia di Varese. Osmek - T. 0331 980000\" \/>\n<meta property=\"og:url\" content=\"https:\/\/osmek.it\/fr\/tranciatura-di-minuterie-metalliche\/\" \/>\n<meta property=\"og:site_name\" content=\"Osmek s.r.l.\" \/>\n<meta property=\"article:modified_time\" content=\"2016-05-09T12:43:21+00:00\" \/>\n<meta property=\"og:image\" content=\"http:\/\/osmek.it\/wp-content\/uploads\/2016\/01\/Tranciatura-di-Minuterie-Metalliche.jpg\" \/>\n<meta name=\"twitter:card\" content=\"summary_large_image\" \/>\n<meta name=\"twitter:label1\" content=\"Dur\u00e9e de lecture estim\u00e9e\" \/>\n\t<meta name=\"twitter:data1\" content=\"1 minute\" \/>\n<script type=\"application\/ld+json\" class=\"yoast-schema-graph\">{\"@context\":\"https:\/\/schema.org\",\"@graph\":[{\"@type\":\"WebPage\",\"@id\":\"https:\/\/osmek.it\/tranciatura-di-minuterie-metalliche\/\",\"url\":\"https:\/\/osmek.it\/tranciatura-di-minuterie-metalliche\/\",\"name\":\"Tranciatura di Minuterie Metalliche Varese e Milano - Osmek\",\"isPartOf\":{\"@id\":\"https:\/\/osmek.it\/#website\"},\"primaryImageOfPage\":{\"@id\":\"https:\/\/osmek.it\/tranciatura-di-minuterie-metalliche\/#primaryimage\"},\"image\":{\"@id\":\"https:\/\/osmek.it\/tranciatura-di-minuterie-metalliche\/#primaryimage\"},\"thumbnailUrl\":\"http:\/\/osmek.it\/wp-content\/uploads\/2016\/01\/Tranciatura-di-Minuterie-Metalliche.jpg\",\"datePublished\":\"2016-01-25T17:20:27+00:00\",\"dateModified\":\"2016-05-09T12:43:21+00:00\",\"description\":\"Azienda specializzata nella tranciatura di minuterie metalliche e di materiali metallici in generale in provincia di Varese. Osmek - T. 0331 980000\",\"breadcrumb\":{\"@id\":\"https:\/\/osmek.it\/tranciatura-di-minuterie-metalliche\/#breadcrumb\"},\"inLanguage\":\"fr-FR\",\"potentialAction\":[{\"@type\":\"ReadAction\",\"target\":[\"https:\/\/osmek.it\/tranciatura-di-minuterie-metalliche\/\"]}]},{\"@type\":\"ImageObject\",\"inLanguage\":\"fr-FR\",\"@id\":\"https:\/\/osmek.it\/tranciatura-di-minuterie-metalliche\/#primaryimage\",\"url\":\"http:\/\/osmek.it\/wp-content\/uploads\/2016\/01\/Tranciatura-di-Minuterie-Metalliche.jpg\",\"contentUrl\":\"http:\/\/osmek.it\/wp-content\/uploads\/2016\/01\/Tranciatura-di-Minuterie-Metalliche.jpg\"},{\"@type\":\"BreadcrumbList\",\"@id\":\"https:\/\/osmek.it\/tranciatura-di-minuterie-metalliche\/#breadcrumb\",\"itemListElement\":[{\"@type\":\"ListItem\",\"position\":1,\"name\":\"Home\",\"item\":\"https:\/\/osmek.it\/\"},{\"@type\":\"ListItem\",\"position\":2,\"name\":\"Tranciatura di Minuterie Metalliche\"}]},{\"@type\":\"WebSite\",\"@id\":\"https:\/\/osmek.it\/#website\",\"url\":\"https:\/\/osmek.it\/\",\"name\":\"Osmek s.r.l.\",\"description\":\"\",\"potentialAction\":[{\"@type\":\"SearchAction\",\"target\":{\"@type\":\"EntryPoint\",\"urlTemplate\":\"https:\/\/osmek.it\/?s={search_term_string}\"},\"query-input\":{\"@type\":\"PropertyValueSpecification\",\"valueRequired\":true,\"valueName\":\"search_term_string\"}}],\"inLanguage\":\"fr-FR\"}]}<\/script>\n<!-- \/ Yoast SEO plugin. -->","yoast_head_json":{"title":"Tranciatura di Minuterie Metalliche Varese e Milano - Osmek","description":"Azienda specializzata nella tranciatura di minuterie metalliche e di materiali metallici in generale in provincia di Varese. Osmek - T. 0331 980000","robots":{"index":"index","follow":"follow","max-snippet":"max-snippet:-1","max-image-preview":"max-image-preview:large","max-video-preview":"max-video-preview:-1"},"canonical":"https:\/\/osmek.it\/fr\/tranciatura-di-minuterie-metalliche\/","og_locale":"fr_FR","og_type":"article","og_title":"Tranciatura di Minuterie Metalliche Varese e Milano - Osmek","og_description":"Azienda specializzata nella tranciatura di minuterie metalliche e di materiali metallici in generale in provincia di Varese. Osmek - T. 0331 980000","og_url":"https:\/\/osmek.it\/fr\/tranciatura-di-minuterie-metalliche\/","og_site_name":"Osmek s.r.l.","article_modified_time":"2016-05-09T12:43:21+00:00","og_image":[{"url":"http:\/\/osmek.it\/wp-content\/uploads\/2016\/01\/Tranciatura-di-Minuterie-Metalliche.jpg","type":"","width":"","height":""}],"twitter_card":"summary_large_image","twitter_misc":{"Dur\u00e9e de lecture estim\u00e9e":"1 minute"},"schema":{"@context":"https:\/\/schema.org","@graph":[{"@type":"WebPage","@id":"https:\/\/osmek.it\/tranciatura-di-minuterie-metalliche\/","url":"https:\/\/osmek.it\/tranciatura-di-minuterie-metalliche\/","name":"Tranciatura di Minuterie Metalliche Varese e Milano - Osmek","isPartOf":{"@id":"https:\/\/osmek.it\/#website"},"primaryImageOfPage":{"@id":"https:\/\/osmek.it\/tranciatura-di-minuterie-metalliche\/#primaryimage"},"image":{"@id":"https:\/\/osmek.it\/tranciatura-di-minuterie-metalliche\/#primaryimage"},"thumbnailUrl":"http:\/\/osmek.it\/wp-content\/uploads\/2016\/01\/Tranciatura-di-Minuterie-Metalliche.jpg","datePublished":"2016-01-25T17:20:27+00:00","dateModified":"2016-05-09T12:43:21+00:00","description":"Azienda specializzata nella tranciatura di minuterie metalliche e di materiali metallici in generale in provincia di Varese. Osmek - T. 0331 980000","breadcrumb":{"@id":"https:\/\/osmek.it\/tranciatura-di-minuterie-metalliche\/#breadcrumb"},"inLanguage":"fr-FR","potentialAction":[{"@type":"ReadAction","target":["https:\/\/osmek.it\/tranciatura-di-minuterie-metalliche\/"]}]},{"@type":"ImageObject","inLanguage":"fr-FR","@id":"https:\/\/osmek.it\/tranciatura-di-minuterie-metalliche\/#primaryimage","url":"http:\/\/osmek.it\/wp-content\/uploads\/2016\/01\/Tranciatura-di-Minuterie-Metalliche.jpg","contentUrl":"http:\/\/osmek.it\/wp-content\/uploads\/2016\/01\/Tranciatura-di-Minuterie-Metalliche.jpg"},{"@type":"BreadcrumbList","@id":"https:\/\/osmek.it\/tranciatura-di-minuterie-metalliche\/#breadcrumb","itemListElement":[{"@type":"ListItem","position":1,"name":"Home","item":"https:\/\/osmek.it\/"},{"@type":"ListItem","position":2,"name":"Tranciatura di Minuterie Metalliche"}]},{"@type":"WebSite","@id":"https:\/\/osmek.it\/#website","url":"https:\/\/osmek.it\/","name":"Osmek s.r.l.","description":"","potentialAction":[{"@type":"SearchAction","target":{"@type":"EntryPoint","urlTemplate":"https:\/\/osmek.it\/?s={search_term_string}"},"query-input":{"@type":"PropertyValueSpecification","valueRequired":true,"valueName":"search_term_string"}}],"inLanguage":"fr-FR"}]}},"_links":{"self":[{"href":"https:\/\/osmek.it\/fr\/wp-json\/wp\/v2\/pages\/26","targetHints":{"allow":["GET"]}}],"collection":[{"href":"https:\/\/osmek.it\/fr\/wp-json\/wp\/v2\/pages"}],"about":[{"href":"https:\/\/osmek.it\/fr\/wp-json\/wp\/v2\/types\/page"}],"author":[{"embeddable":true,"href":"https:\/\/osmek.it\/fr\/wp-json\/wp\/v2\/users\/1"}],"replies":[{"embeddable":true,"href":"https:\/\/osmek.it\/fr\/wp-json\/wp\/v2\/comments?post=26"}],"version-history":[{"count":24,"href":"https:\/\/osmek.it\/fr\/wp-json\/wp\/v2\/pages\/26\/revisions"}],"predecessor-version":[{"id":528,"href":"https:\/\/osmek.it\/fr\/wp-json\/wp\/v2\/pages\/26\/revisions\/528"}],"wp:attachment":[{"href":"https:\/\/osmek.it\/fr\/wp-json\/wp\/v2\/media?parent=26"}],"curies":[{"name":"wp","href":"https:\/\/api.w.org\/{rel}","templated":true}]}}