{"id":16,"date":"2016-01-25T18:19:05","date_gmt":"2016-01-25T17:19:05","guid":{"rendered":"http:\/\/osmek.it\/?page_id=16"},"modified":"2016-10-28T09:56:10","modified_gmt":"2016-10-28T07:56:10","slug":"trattamenti-galvanici-e-di-finitura-su-ferro-ed-ottone","status":"publish","type":"page","link":"https:\/\/osmek.it\/fr\/trattamenti-galvanici-e-di-finitura-su-ferro-ed-ottone\/","title":{"rendered":"TRAITEMENTS GALVANIQUES DE FINITION"},"content":{"rendered":"<div data-vc-full-width=\"true\" data-vc-full-width-init=\"false\" data-vc-stretch-content=\"true\" class=\"vc_row wpb_row vc_row-fluid vc_custom_1454059376523 vc_row-no-padding\"><div class=\"wpb_column vc_column_container vc_col-sm-12\"><div class=\"vc_column-inner\"><div class=\"wpb_wrapper\">\n\t<div class=\"wpb_text_column wpb_content_element\" >\n\t\t<div class=\"wpb_wrapper\">\n\t\t\t<p><img decoding=\"async\" src=\"http:\/\/osmek.it\/wp-content\/uploads\/2016\/01\/trattamenti_galvanici.jpg\" alt=\"Trattamenti Galvanici e di Finitura su Ferro ed Ottone Varese e Milano - Osmek\" width=\"100%\" \/><\/p>\n\n\t\t<\/div>\n\t<\/div>\n<\/div><\/div><\/div><\/div><div class=\"vc_row-full-width vc_clearfix\"><\/div><div class=\"vc_row wpb_row vc_row-fluid\"><div class=\"wpb_column vc_column_container vc_col-sm-8\"><div class=\"vc_column-inner\"><div class=\"wpb_wrapper\">\n\t<div class=\"wpb_text_column wpb_content_element  wpb_animate_when_almost_visible wpb_appear appear\" >\n\t\t<div class=\"wpb_wrapper\">\n\t\t\t<h1 class=\"titolo\">Traitements Galvaniques et de Finition sur Fer, Laiton et autres mat\u00e9riaux<\/h1>\n\n\t\t<\/div>\n\t<\/div>\n\n\t<div class=\"wpb_text_column wpb_content_element  wpb_animate_when_almost_visible wpb_appear appear\" >\n\t\t<div class=\"wpb_wrapper\">\n\t\t\t<p>Dans le cadre des traitements de finition, Osmek peut bien s\u00fbr, gr\u00e2ce \u00e0 son r\u00e9seau de fournisseurs qualifi\u00e9s, proposer tous les traitements galvaniques, thermiques et de finition toujours avec l\u2019objectif de fournir les produits finis pr\u00eats \u00e0 l\u2019emploi \u00e0 ses clients :<\/p>\n<p>Pour r\u00e9sumer, les traitements galvaniques suivants font partie de notre parc d'usinages habituels :<\/p>\n<ul>\n<li>Zingage (aussi bien blanc qu\u2019\u00e0 passivation jaune trivalent)<\/li>\n<li>Zingage noir<\/li>\n<li>Zinc-Nickel<\/li>\n<li>Nickelage<\/li>\n<li>Nickelage Chimique<\/li>\n<li>Argentage<\/li>\n<li>\u00c9tamage<\/li>\n<li>Dorure<\/li>\n<li>Phosphatation<\/li>\n<li>\u00c9lectropolissage<\/li>\n<li>Passivation<\/li>\n<li>Oxydation anodique (anodisation)<\/li>\n<li>Anodisation dure<\/li>\n<li>Chromage<\/li>\n<\/ul>\n<p>Les traitements galvaniques peuvent \u00eatre effectu\u00e9s sur les mat\u00e9riaux suivants:<\/p>\n<ul>\n<li>Fer<\/li>\n<li>Acier<\/li>\n<li>Laiton<\/li>\n<li>Aluminium<\/li>\n<li>Alliages de cuivre<\/li>\n<li>Acier inox etc.<\/li>\n<\/ul>\n<p>Si demand\u00e9, on peut fournir les certifications de conformit\u00e9 relatives et de respect des r\u00e9glementations environnementales (ROHS, REACH, CONFLICT MINERALS etc.)<\/p>\n\n\t\t<\/div>\n\t<\/div>\n\n\t<div class=\"wpb_text_column wpb_content_element  wpb_animate_when_almost_visible wpb_appear appear\" >\n\t\t<div class=\"wpb_wrapper\">\n\t\t\t<h1 class=\"titolo\">Traitements de Finition M\u00e9taux<\/h1>\n\n\t\t<\/div>\n\t<\/div>\n\n\t<div class=\"wpb_text_column wpb_content_element  wpb_animate_when_almost_visible wpb_appear appear\" >\n\t\t<div class=\"wpb_wrapper\">\n\t\t\t<p>\u00c0 titre d\u2019exemple, Osmek peut fournir les traitements de finition suivants:<\/p>\n<ul>\n<li style=\"text-align: justify;\">Polissage \u00e0 la main<\/li>\n<li style=\"text-align: justify;\">Polissage au tonneau<\/li>\n<li style=\"text-align: justify;\">Polissage au tonneau isotrope<\/li>\n<li style=\"text-align: justify;\">Nettoyage<\/li>\n<li style=\"text-align: justify;\">Satinage<\/li>\n<li style=\"text-align: justify;\">Anodisation neutre et color\u00e9e<\/li>\n<li style=\"text-align: justify;\">Anodisation dure<\/li>\n<li style=\"text-align: justify;\">Brunissage<\/li>\n<li style=\"text-align: justify;\">Chromage<\/li>\n<li style=\"text-align: justify;\">Chromage \u00e0 \u00e9paisseur<\/li>\n<li style=\"text-align: justify;\">Nickelage<\/li>\n<li style=\"text-align: justify;\">Nickelage chimique<\/li>\n<li style=\"text-align: justify;\">Cuivrage<\/li>\n<li style=\"text-align: justify;\">Zingage<\/li>\n<li style=\"text-align: justify;\">Zingage \u00e0 chaud<\/li>\n<li style=\"text-align: justify;\">Phosphatation (Zn\/Ca ; Zn ; Mn)<\/li>\n<li style=\"text-align: justify;\">Sablage aussi bien au corindon qu\u2019avec billes de verre<\/li>\n<li style=\"text-align: justify;\">Argentage<\/li>\n<li style=\"text-align: justify;\">Dorure<\/li>\n<li style=\"text-align: justify;\">Passivation<\/li>\n<\/ul>\n<p>Si demand\u00e9, on peut fournir pour chaque traitement les certifications relatives de contr\u00f4le comme par ex. contr\u00f4le de l\u2019\u00e9paisseur du rev\u00eatement avec Fischerscope.<\/p>\n<p>Toujours dans le but de fournir la pi\u00e8ce finie et d\u2019offrir \u00e0 ses clients un service cl\u00e9 en main, Osmek S.r.l. peut compl\u00e9ter sa gamme de fourniture avec tous les traitements compl\u00e9mentaires et accessoires comme par exemple :<\/p>\n<ul>\n<li>Rectification tangentielle<\/li>\n<li>Rectification tangentielle rotative<\/li>\n<li>Rectification en rond pour ext\u00e9rieurs et\/ou int\u00e9rieurs<\/li>\n<li>Rectification sans centres<\/li>\n<li>Soudage<\/li>\n<li>Pressage<\/li>\n<li>Vulcanisation<\/li>\n<li>Protection<\/li>\n<li>Emballage<\/li>\n<li>Montage<\/li>\n<li>Usinages de reprise en g\u00e9n\u00e9ral<\/li>\n<li>Assemblage<\/li>\n<li>Analyses mat\u00e9riaux<\/li>\n<li>Essais m\u00e9caniques et certifications relatives.<\/li>\n<li>Services de logistique (par ex. Kan-Ban, Stockage, commandes ouvertes, etc.)<\/li>\n<\/ul>\n<p>Si vous avez des exigences particuli\u00e8res, n'h\u00e9sitez pas \u00e0 nous contacter et \u00e0 nous demander une offre, nous \u00e9tudierons avec vous la meilleure solution pour vos exigences.<\/p>\n\n\t\t<\/div>\n\t<\/div>\n<div class=\"vc_empty_space\"   style=\"height: 5px\"><span class=\"vc_empty_space_inner\"><\/span><\/div>\n\t<div class=\"wpb_text_column wpb_content_element  wpb_animate_when_almost_visible wpb_appear appear\" >\n\t\t<div class=\"wpb_wrapper\">\n\t\t\t<h3 class=\"sub-titolo\">Produits<\/h3>\n\n\t\t<\/div>\n\t<\/div>\n\n<div class=\"vc_grid-container-wrapper vc_clearfix vc_grid-animation-fadeIn\">\n\t<div class=\"vc_grid-container vc_clearfix wpb_content_element vc_media_grid\" data-initial-loading-animation=\"fadeIn\" data-vc-grid-settings=\"{&quot;page_id&quot;:16,&quot;style&quot;:&quot;all&quot;,&quot;action&quot;:&quot;vc_get_vc_grid_data&quot;,&quot;shortcode_id&quot;:&quot;1477641345960-3846c598-622a-10&quot;,&quot;tag&quot;:&quot;vc_media_grid&quot;}\" data-vc-request=\"https:\/\/osmek.it\/wp-admin\/admin-ajax.php\" data-vc-post-id=\"16\" data-vc-public-nonce=\"5498e9204c\">\n\t\t\n\t<\/div>\n<\/div>\n\t<div class=\"wpb_text_column wpb_content_element\" >\n\t\t<div class=\"wpb_wrapper\">\n\t\t\t<h2 class=\"titolo_seo\">Entreprise sp\u00e9cialis\u00e9e dans les Traitements Galvaniques et de Finition sur Fer et Laiton dans la province de Varese<\/h2>\n\n\t\t<\/div>\n\t<\/div>\n<\/div><\/div><\/div><div class=\"wpb_column vc_column_container vc_col-sm-4\"><div class=\"vc_column-inner\"><div class=\"wpb_wrapper\"><div  class=\"wpb_widgetised_column wpb_content_element wpb_animate_when_almost_visible wpb_appear wpb_start_animation\">\n\t\t<div class=\"wpb_wrapper\">\n\t\t\t\n\t\t\t<div class=\"frexy-dynamic-sidebar frexy_sidebar\"><div class=\"b-default-bottom-indent\">\t\t\t<div class=\"textwidget\">\n<div class=\"wpcf7 no-js\" id=\"wpcf7-f303-o1\" lang=\"it-IT\" dir=\"ltr\" data-wpcf7-id=\"303\">\n<div class=\"screen-reader-response\"><p role=\"status\" aria-live=\"polite\" aria-atomic=\"true\"><\/p> <ul><\/ul><\/div>\n<form action=\"\/fr\/wp-json\/wp\/v2\/pages\/16#wpcf7-f303-o1\" method=\"post\" class=\"wpcf7-form init\" aria-label=\"Modulo di contatto\" novalidate=\"novalidate\" data-status=\"init\" data-trp-original-action=\"\/fr\/wp-json\/wp\/v2\/pages\/16#wpcf7-f303-o1\">\n<fieldset class=\"hidden-fields-container\"><input type=\"hidden\" name=\"_wpcf7\" value=\"303\" \/><input type=\"hidden\" name=\"_wpcf7_version\" value=\"6.1.5\" \/><input type=\"hidden\" name=\"_wpcf7_locale\" value=\"it_IT\" \/><input type=\"hidden\" name=\"_wpcf7_unit_tag\" value=\"wpcf7-f303-o1\" \/><input type=\"hidden\" name=\"_wpcf7_container_post\" value=\"0\" \/><input type=\"hidden\" name=\"_wpcf7_posted_data_hash\" value=\"\" \/><input type=\"hidden\" name=\"_wpcf7_recaptcha_response\" value=\"\" \/>\n<\/fieldset>\n<div class=\"col-xs-12 col-sm-12\">\n\t<p><b style=\" font-size: 18px; margin-bottom: 15px; float: left;\">\u00c9crivez-nous pour un devis<\/b>\n\t<\/p>\n<\/div>\n<hr \/>\n<div class=\"col-xs-12 col-sm-12\">\n\t<p><span class=\"wpcf7-form-control-wrap\" data-name=\"nome\"><input size=\"40\" maxlength=\"400\" class=\"wpcf7-form-control wpcf7-text wpcf7-validates-as-required\" aria-required=\"true\" aria-invalid=\"false\" placeholder=\"Raison Sociale*\" value=\"\" type=\"text\" name=\"nome\" \/><\/span><span class=\"wpcf7-form-control-wrap\" data-name=\"email\"><input size=\"40\" maxlength=\"400\" class=\"wpcf7-form-control wpcf7-email wpcf7-validates-as-required wpcf7-text wpcf7-validates-as-email\" aria-required=\"true\" aria-invalid=\"false\" placeholder=\"E-mail*\" value=\"\" type=\"email\" name=\"email\" \/><\/span>\n\t<\/p>\n<\/div>\n<div class=\"col-xs-12 col-sm-12\">\n\t<p><span class=\"wpcf7-form-control-wrap\" data-name=\"telefono\"><input size=\"40\" maxlength=\"400\" class=\"wpcf7-form-control wpcf7-tel wpcf7-text wpcf7-validates-as-tel\" aria-invalid=\"false\" placeholder=\"T\u00e9l\u00e9phone\" value=\"\" type=\"tel\" name=\"telefono\" \/><\/span>\n\t<\/p>\n<\/div>\n<div class=\"col-xs-12 col-sm-12\">\n\t<p><span class=\"wpcf7-form-control-wrap\" data-name=\"messaggio\"><textarea cols=\"40\" rows=\"6\" maxlength=\"2000\" class=\"wpcf7-form-control wpcf7-textarea wpcf7-validates-as-required\" aria-required=\"true\" aria-invalid=\"false\" placeholder=\"Message*\" name=\"messaggio\"><\/textarea><\/span>\n\t<\/p>\n<\/div>\n<div class=\"col-xs-12 col-sm-12\">\n\t<p><span class=\"wpcf7-form-control-wrap\" data-name=\"consenso\"><span class=\"wpcf7-form-control wpcf7-acceptance\"><span class=\"wpcf7-list-item\"><input type=\"checkbox\" name=\"consenso\" value=\"1\" aria-invalid=\"false\" \/><\/span><\/span><\/span> J'ai lu et j\u2019accepte la <a href=\"\/\/www.iubenda.com\/privacy-policy\/7874109\" class=\"iubenda-pp iubenda-it iubenda-nostyle iubenda-embed\" title=\"Privacy Policy\">Privacy Policy<\/a><a href=\"https:\/\/www.iubenda.com\/privacy-policy\/73820197\" class=\"iubenda-pp iubenda-en iubenda-nostyle iubenda-noiframe iubenda-embed iubenda-noiframe\" title=\"Privacy Policy \">Privacy Policy<\/a><a href=\"https:\/\/www.iubenda.com\/privacy-policy\/68090684\" class=\"iubenda-pp iubenda-de iubenda-nostyle iubenda-noiframe iubenda-embed iubenda-noiframe\" title=\"Datenschutzerkl\u00e4rung \">Datenschutzerkl\u00e4rung<\/a><a href=\"https:\/\/www.iubenda.com\/privacy-policy\/39144513\" class=\"iubenda-pp iubenda-fr iubenda-nostyle iubenda-noiframe iubenda-embed iubenda-noiframe\" title=\"Politique de confidentialit\u00e9 \">Politique de confidentialit\u00e9<\/a>\n\t<\/p>\n<\/div>\n<div class=\"col-xs-12 col-sm-12\">\n\t<p><input class=\"wpcf7-form-control wpcf7-submit has-spinner\" type=\"submit\" value=\"soumettre\" \/>\n\t<\/p>\n<\/div><div class=\"wpcf7-response-output\" aria-hidden=\"true\"><\/div>\n<input type=\"hidden\" name=\"trp-form-language\" value=\"fr\"\/><\/form>\n<\/div>\n<\/div>\n\t\t<\/div><div class=\"b-default-bottom-indent\">\t\t\t<div class=\"textwidget\"><div class=\"col-md-12 col-sm-12 col-xs-12\">  \r\n<div class=\"\">   \r\n<b style=\"font-size: 18px; margin-bottom: 15px; float: left;\">USINAGES<\/b><\/div>\r\n\r\n\t<ul class=\"menu-footer\">\r\n<li class=\"b-top-nav__2level f-top-nav__2level f-primary\"><a href=\"http:\/\/osmek.it\/fr\/tornitura-metalli\/\" class=\"menu-link sub-menu-link\"><i class=\"fa b-menu-1level-ico\" data-name=\"\"><\/i><i class=\"fa fa-angle-right\"><\/i>TOURNAGE <\/a><\/li>\r\n<li class=\"b-top-nav__2level f-top-nav__2level f-primary\"><a href=\"http:\/\/osmek.it\/fr\/fresatura\/\" class=\"menu-link sub-menu-link\"><i class=\"fa b-menu-1level-ico\" data-name=\"\"><\/i><i class=\"fa fa-angle-right\"><\/i>FRAISAGE <\/a><\/li>\r\n<li class=\"b-top-nav__2level f-top-nav__2level f-primary\"><a href=\"http:\/\/osmek.it\/fr\/tranciatura-di-minuterie-metalliche\/\" class=\"menu-link sub-menu-link\"><i class=\"fa b-menu-1level-ico\" data-name=\"\"><\/i><i class=\"fa fa-angle-right\"><\/i>Cisaillage de petites pi\u00e8ces m\u00e9talliques <\/a><\/li>\r\n<li class=\"b-top-nav__2level f-top-nav__2level f-primary\"><a href=\"http:\/\/osmek.it\/fr\/piegatura-di-tubi-in-acciaio-inox\/\" class=\"menu-link sub-menu-link\"><i class=\"fa b-menu-1level-ico\" data-name=\"\"><\/i><i class=\"fa fa-angle-right\"><\/i>Pliage et Fa\u00e7onnage Tuyaux <\/a><\/li>\r\n<li class=\"b-top-nav__2level f-top-nav__2level f-primary\"><a href=\"http:\/\/osmek.it\/fr\/lavorazione-da-filo\/\" class=\"menu-link sub-menu-link\"><i class=\"fa b-menu-1level-ico\" data-name=\"\"><\/i><i class=\"fa fa-angle-right\"><\/i>Usinage de Fil M\u00e9tallique <\/a><\/li>\r\n<li class=\"b-top-nav__2level f-top-nav__2level f-primary\"><a href=\"http:\/\/osmek.it\/fr\/carpenteria-leggera\/\" class=\"menu-link sub-menu-link\"><i class=\"fa b-menu-1level-ico\" data-name=\"\"><\/i><i class=\"fa fa-angle-right\"><\/i>Charpentes L\u00e9g\u00e8res <\/a><\/li>\r\n<li class=\"b-top-nav__2level f-top-nav__2level f-primary\"><a href=\"http:\/\/osmek.it\/fr\/trattamenti-galvanici-e-di-finitura-su-ferro-ed-ottone\/\" class=\"menu-link sub-menu-link\"><i class=\"fa b-menu-1level-ico\" data-name=\"\"><\/i><i class=\"fa fa-angle-right\"><\/i>TRAITEMENTS GALVANIQUES DE FINITION <\/a><\/li>\r\n<li class=\"b-top-nav__2level f-top-nav__2level f-primary\"><a href=\"http:\/\/osmek.it\/fr\/trattamenti-termici\/\" class=\"menu-link sub-menu-link\"><i class=\"fa b-menu-1level-ico\" data-name=\"\"><\/i><i class=\"fa fa-angle-right\"><\/i>TRAITEMENTS THERMIQUES <\/a><\/li>\r\n<\/ul>\r\n    \r\n<\/div><\/div>\n\t\t<\/div><\/div>\n\t\t<\/div>\n\t<\/div>\n<\/div><\/div><\/div><\/div>","protected":false},"excerpt":{"rendered":"Trattamenti Galvanici e di Finitura su Ferro, \u00a0Ottone e altri materiali Nell' ambito dei trattamenti di finitura Osmek pu\u00f2 naturalmente, grazie alla propria rete di fornitori qualificati, offrire tutti quei trattamenti galvanici, termici e di finitura sempre con l'obbiettivo di fornire i prodotti finiti pronti all'uso ai propri clienti: Per riassumere i seguenti trattamenti galvanici [...]","protected":false},"author":1,"featured_media":0,"parent":0,"menu_order":0,"comment_status":"closed","ping_status":"closed","template":"","meta":{"_bbp_topic_count":0,"_bbp_reply_count":0,"_bbp_total_topic_count":0,"_bbp_total_reply_count":0,"_bbp_voice_count":0,"_bbp_anonymous_reply_count":0,"_bbp_topic_count_hidden":0,"_bbp_reply_count_hidden":0,"_bbp_forum_subforum_count":0,"footnotes":""},"class_list":["post-16","page","type-page","status-publish","hentry"],"yoast_head":"<!-- This site is optimized with the Yoast SEO plugin v27.2 - https:\/\/yoast.com\/product\/yoast-seo-wordpress\/ -->\n<title>Trattamenti Galvanici su Ferro ed Ottone Varese e Milano - Osmek<\/title>\n<meta name=\"description\" content=\"Azienda specializzata nei Trattamenti Galvanici e di Finitura su Ferro ed Ottone in provincia di Varese. Osmek - T. 0331 980000\" \/>\n<meta name=\"robots\" content=\"index, follow, max-snippet:-1, max-image-preview:large, max-video-preview:-1\" \/>\n<link rel=\"canonical\" href=\"https:\/\/osmek.it\/fr\/trattamenti-galvanici-e-di-finitura-su-ferro-ed-ottone\/\" \/>\n<meta property=\"og:locale\" content=\"fr_FR\" \/>\n<meta property=\"og:type\" content=\"article\" \/>\n<meta property=\"og:title\" content=\"Trattamenti Galvanici su Ferro ed Ottone Varese e Milano - Osmek\" \/>\n<meta property=\"og:description\" content=\"Azienda specializzata nei Trattamenti Galvanici e di Finitura su Ferro ed Ottone in provincia di Varese. Osmek - T. 0331 980000\" \/>\n<meta property=\"og:url\" content=\"https:\/\/osmek.it\/fr\/trattamenti-galvanici-e-di-finitura-su-ferro-ed-ottone\/\" \/>\n<meta property=\"og:site_name\" content=\"Osmek s.r.l.\" \/>\n<meta property=\"article:modified_time\" content=\"2016-10-28T07:56:10+00:00\" \/>\n<meta property=\"og:image\" content=\"http:\/\/osmek.it\/wp-content\/uploads\/2016\/01\/trattamenti_galvanici.jpg\" \/>\n<meta name=\"twitter:card\" content=\"summary_large_image\" \/>\n<meta name=\"twitter:label1\" content=\"Dur\u00e9e de lecture estim\u00e9e\" \/>\n\t<meta name=\"twitter:data1\" content=\"2 minutes\" \/>\n<script type=\"application\/ld+json\" class=\"yoast-schema-graph\">{\"@context\":\"https:\/\/schema.org\",\"@graph\":[{\"@type\":\"WebPage\",\"@id\":\"https:\/\/osmek.it\/trattamenti-galvanici-e-di-finitura-su-ferro-ed-ottone\/\",\"url\":\"https:\/\/osmek.it\/trattamenti-galvanici-e-di-finitura-su-ferro-ed-ottone\/\",\"name\":\"Trattamenti Galvanici su Ferro ed Ottone Varese e Milano - Osmek\",\"isPartOf\":{\"@id\":\"https:\/\/osmek.it\/#website\"},\"primaryImageOfPage\":{\"@id\":\"https:\/\/osmek.it\/trattamenti-galvanici-e-di-finitura-su-ferro-ed-ottone\/#primaryimage\"},\"image\":{\"@id\":\"https:\/\/osmek.it\/trattamenti-galvanici-e-di-finitura-su-ferro-ed-ottone\/#primaryimage\"},\"thumbnailUrl\":\"http:\/\/osmek.it\/wp-content\/uploads\/2016\/01\/trattamenti_galvanici.jpg\",\"datePublished\":\"2016-01-25T17:19:05+00:00\",\"dateModified\":\"2016-10-28T07:56:10+00:00\",\"description\":\"Azienda specializzata nei Trattamenti Galvanici e di Finitura su Ferro ed Ottone in provincia di Varese. Osmek - T. 0331 980000\",\"breadcrumb\":{\"@id\":\"https:\/\/osmek.it\/trattamenti-galvanici-e-di-finitura-su-ferro-ed-ottone\/#breadcrumb\"},\"inLanguage\":\"fr-FR\",\"potentialAction\":[{\"@type\":\"ReadAction\",\"target\":[\"https:\/\/osmek.it\/trattamenti-galvanici-e-di-finitura-su-ferro-ed-ottone\/\"]}]},{\"@type\":\"ImageObject\",\"inLanguage\":\"fr-FR\",\"@id\":\"https:\/\/osmek.it\/trattamenti-galvanici-e-di-finitura-su-ferro-ed-ottone\/#primaryimage\",\"url\":\"http:\/\/osmek.it\/wp-content\/uploads\/2016\/01\/trattamenti_galvanici.jpg\",\"contentUrl\":\"http:\/\/osmek.it\/wp-content\/uploads\/2016\/01\/trattamenti_galvanici.jpg\"},{\"@type\":\"BreadcrumbList\",\"@id\":\"https:\/\/osmek.it\/trattamenti-galvanici-e-di-finitura-su-ferro-ed-ottone\/#breadcrumb\",\"itemListElement\":[{\"@type\":\"ListItem\",\"position\":1,\"name\":\"Home\",\"item\":\"https:\/\/osmek.it\/\"},{\"@type\":\"ListItem\",\"position\":2,\"name\":\"Trattamenti Galvanici e di Finitura\"}]},{\"@type\":\"WebSite\",\"@id\":\"https:\/\/osmek.it\/#website\",\"url\":\"https:\/\/osmek.it\/\",\"name\":\"Osmek s.r.l.\",\"description\":\"\",\"potentialAction\":[{\"@type\":\"SearchAction\",\"target\":{\"@type\":\"EntryPoint\",\"urlTemplate\":\"https:\/\/osmek.it\/?s={search_term_string}\"},\"query-input\":{\"@type\":\"PropertyValueSpecification\",\"valueRequired\":true,\"valueName\":\"search_term_string\"}}],\"inLanguage\":\"fr-FR\"}]}<\/script>\n<!-- \/ Yoast SEO plugin. -->","yoast_head_json":{"title":"Trattamenti Galvanici su Ferro ed Ottone Varese e Milano - Osmek","description":"Azienda specializzata nei Trattamenti Galvanici e di Finitura su Ferro ed Ottone in provincia di Varese. Osmek - T. 0331 980000","robots":{"index":"index","follow":"follow","max-snippet":"max-snippet:-1","max-image-preview":"max-image-preview:large","max-video-preview":"max-video-preview:-1"},"canonical":"https:\/\/osmek.it\/fr\/trattamenti-galvanici-e-di-finitura-su-ferro-ed-ottone\/","og_locale":"fr_FR","og_type":"article","og_title":"Trattamenti Galvanici su Ferro ed Ottone Varese e Milano - Osmek","og_description":"Azienda specializzata nei Trattamenti Galvanici e di Finitura su Ferro ed Ottone in provincia di Varese. Osmek - T. 0331 980000","og_url":"https:\/\/osmek.it\/fr\/trattamenti-galvanici-e-di-finitura-su-ferro-ed-ottone\/","og_site_name":"Osmek s.r.l.","article_modified_time":"2016-10-28T07:56:10+00:00","og_image":[{"url":"http:\/\/osmek.it\/wp-content\/uploads\/2016\/01\/trattamenti_galvanici.jpg","type":"","width":"","height":""}],"twitter_card":"summary_large_image","twitter_misc":{"Dur\u00e9e de lecture estim\u00e9e":"2 minutes"},"schema":{"@context":"https:\/\/schema.org","@graph":[{"@type":"WebPage","@id":"https:\/\/osmek.it\/trattamenti-galvanici-e-di-finitura-su-ferro-ed-ottone\/","url":"https:\/\/osmek.it\/trattamenti-galvanici-e-di-finitura-su-ferro-ed-ottone\/","name":"Trattamenti Galvanici su Ferro ed Ottone Varese e Milano - Osmek","isPartOf":{"@id":"https:\/\/osmek.it\/#website"},"primaryImageOfPage":{"@id":"https:\/\/osmek.it\/trattamenti-galvanici-e-di-finitura-su-ferro-ed-ottone\/#primaryimage"},"image":{"@id":"https:\/\/osmek.it\/trattamenti-galvanici-e-di-finitura-su-ferro-ed-ottone\/#primaryimage"},"thumbnailUrl":"http:\/\/osmek.it\/wp-content\/uploads\/2016\/01\/trattamenti_galvanici.jpg","datePublished":"2016-01-25T17:19:05+00:00","dateModified":"2016-10-28T07:56:10+00:00","description":"Azienda specializzata nei Trattamenti Galvanici e di Finitura su Ferro ed Ottone in provincia di Varese. Osmek - T. 0331 980000","breadcrumb":{"@id":"https:\/\/osmek.it\/trattamenti-galvanici-e-di-finitura-su-ferro-ed-ottone\/#breadcrumb"},"inLanguage":"fr-FR","potentialAction":[{"@type":"ReadAction","target":["https:\/\/osmek.it\/trattamenti-galvanici-e-di-finitura-su-ferro-ed-ottone\/"]}]},{"@type":"ImageObject","inLanguage":"fr-FR","@id":"https:\/\/osmek.it\/trattamenti-galvanici-e-di-finitura-su-ferro-ed-ottone\/#primaryimage","url":"http:\/\/osmek.it\/wp-content\/uploads\/2016\/01\/trattamenti_galvanici.jpg","contentUrl":"http:\/\/osmek.it\/wp-content\/uploads\/2016\/01\/trattamenti_galvanici.jpg"},{"@type":"BreadcrumbList","@id":"https:\/\/osmek.it\/trattamenti-galvanici-e-di-finitura-su-ferro-ed-ottone\/#breadcrumb","itemListElement":[{"@type":"ListItem","position":1,"name":"Home","item":"https:\/\/osmek.it\/"},{"@type":"ListItem","position":2,"name":"Trattamenti Galvanici e di Finitura"}]},{"@type":"WebSite","@id":"https:\/\/osmek.it\/#website","url":"https:\/\/osmek.it\/","name":"Osmek s.r.l.","description":"","potentialAction":[{"@type":"SearchAction","target":{"@type":"EntryPoint","urlTemplate":"https:\/\/osmek.it\/?s={search_term_string}"},"query-input":{"@type":"PropertyValueSpecification","valueRequired":true,"valueName":"search_term_string"}}],"inLanguage":"fr-FR"}]}},"_links":{"self":[{"href":"https:\/\/osmek.it\/fr\/wp-json\/wp\/v2\/pages\/16","targetHints":{"allow":["GET"]}}],"collection":[{"href":"https:\/\/osmek.it\/fr\/wp-json\/wp\/v2\/pages"}],"about":[{"href":"https:\/\/osmek.it\/fr\/wp-json\/wp\/v2\/types\/page"}],"author":[{"embeddable":true,"href":"https:\/\/osmek.it\/fr\/wp-json\/wp\/v2\/users\/1"}],"replies":[{"embeddable":true,"href":"https:\/\/osmek.it\/fr\/wp-json\/wp\/v2\/comments?post=16"}],"version-history":[{"count":23,"href":"https:\/\/osmek.it\/fr\/wp-json\/wp\/v2\/pages\/16\/revisions"}],"predecessor-version":[{"id":613,"href":"https:\/\/osmek.it\/fr\/wp-json\/wp\/v2\/pages\/16\/revisions\/613"}],"wp:attachment":[{"href":"https:\/\/osmek.it\/fr\/wp-json\/wp\/v2\/media?parent=16"}],"curies":[{"name":"wp","href":"https:\/\/api.w.org\/{rel}","templated":true}]}}