{"id":8,"date":"2016-01-25T18:17:22","date_gmt":"2016-01-25T17:17:22","guid":{"rendered":"http:\/\/osmek.it\/?page_id=8"},"modified":"2023-10-24T10:03:30","modified_gmt":"2023-10-24T08:03:30","slug":"azienda","status":"publish","type":"page","link":"https:\/\/osmek.it\/de\/azienda\/","title":{"rendered":"Unternehmen"},"content":{"rendered":"<div class=\"vc_row wpb_row vc_row-fluid vc_custom_1596792359437\"><div class=\"wpb_column vc_column_container vc_col-sm-12\"><div class=\"vc_column-inner\"><div class=\"wpb_wrapper\"><div class=\"vc_separator wpb_content_element vc_separator_align_center vc_sep_width_100 vc_sep_pos_align_center vc_sep_color_grey vc_separator-has-text\" ><span class=\"vc_sep_holder vc_sep_holder_l\"><span  class=\"vc_sep_line\"><\/span><\/span><h4>UNTERNEHMEN<\/h4><span class=\"vc_sep_holder vc_sep_holder_r\"><span  class=\"vc_sep_line\"><\/span><\/span>\n<\/div><div class=\"vc_row wpb_row vc_inner vc_row-fluid vc_custom_1472542088560\"><div class=\"wpb_column vc_column_container vc_col-sm-4\"><div class=\"vc_column-inner\"><div class=\"wpb_wrapper\">\n\t<div class=\"wpb_text_column wpb_content_element\" >\n\t\t<div class=\"wpb_wrapper\">\n\t\t\t<p><img decoding=\"async\" src=\"https:\/\/osmek.it\/wp-content\/uploads\/2023\/10\/osmek-valmorea.jpg\" style=\"width: 100%; border: 1px solid #ebebeb;\" \/><\/p>\n\n\t\t<\/div>\n\t<\/div>\n<\/div><\/div><\/div><div class=\"wpb_column vc_column_container vc_col-sm-8\"><div class=\"vc_column-inner vc_custom_1472542017068\"><div class=\"wpb_wrapper\">\n\t<div class=\"wpb_text_column wpb_content_element\" >\n\t\t<div class=\"wpb_wrapper\">\n\t\t\t<p style=\"text-align: justify;\">OSMEK S.r.l. mit Sitz in Valmorea in der Provinz Como ist seit Jahren als Generalunternehmen im Dienste von Unternehmen f\u00fcr den Bau und den Vertrieb von mechanischen Bauteilen, gedrehten und\/oder gefr\u00e4sten Einzelteilen, Gruppen und Untergruppen sowie Kleinteilen t\u00e4tig. Die St\u00e4rken des Unternehmens und die Hauptzust\u00e4ndigkeiten sind Flexibilit\u00e4t im Einkauf, im Vertrieb und bei der Betreuung seiner Kunden (Logistik &amp; Engineering).<\/p>\n<p style=\"text-align: justify;\">OSMEK S.r.l. wurde dank der beiden Gr\u00fcndungsmitglieder mit dem Ziel gegr\u00fcndet, seinen Kunden neben den im Auftrag Dritter ausgef\u00fchrter Bearbeitungen im anderen Unternehmen der Gruppe eine vollst\u00e4ndige Produktpalette und einen innovativen Service zu bieten, indem es seine Erfahrungen und sein Know-how zur Verf\u00fcgung stellt und seinen Kunden somit ein Referenzpartner auf einem immer anspruchsvolleren und wettbewerbsorientierten Markt ist.<\/p>\n\n\t\t<\/div>\n\t<\/div>\n<\/div><\/div><\/div><\/div><\/div><\/div><\/div><\/div><div class=\"vc_row wpb_row vc_row-fluid\"><div class=\"wpb_column vc_column_container vc_col-sm-12 vc_hidden-lg vc_hidden-md vc_hidden-sm vc_hidden-xs\"><div class=\"vc_column-inner\"><div class=\"wpb_wrapper\"><div class=\"vc_separator wpb_content_element vc_separator_align_center vc_sep_width_100 vc_sep_pos_align_center vc_sep_color_grey vc_separator-has-text\" ><span class=\"vc_sep_holder vc_sep_holder_l\"><span  class=\"vc_sep_line\"><\/span><\/span><h4>IL NOSTRO TEAM<\/h4><span class=\"vc_sep_holder vc_sep_holder_r\"><span  class=\"vc_sep_line\"><\/span><\/span>\n<\/div><div class=\"vc_row wpb_row vc_inner vc_row-fluid\"><div class=\"wpb_column vc_column_container vc_col-sm-3\"><div class=\"vc_column-inner\"><div class=\"wpb_wrapper\">\n\t<div class=\"wpb_text_column wpb_content_element\" >\n\t\t<div class=\"wpb_wrapper\">\n\t\t\t<table class=\"table-team\">\n<tbody>\n<tr>\n<th class=\"th-img\"><img decoding=\"async\" src=\"http:\/\/osmek.it\/wp-content\/uploads\/2016\/01\/male.jpg\" width=\"100%\" \/><\/th>\n<\/tr>\n<tr>\n<th class=\"th-testo\">\n<div class=\"titolo\">Simone Guerra<\/div>\n<div class=\"mansione\">Direzione, Vendite, Produzione, Acquisti<\/div>\n<div class=\"b-contacts-short-item-group\">\n<div class=\"b-contacts-short-item col-md-12 col-sm-4 col-xs-12\">\n<div class=\"b-contacts-short-item__icon f-contacts-short-item__icon b-left f-contacts-short-item__icon_xs\"><i class=\"fa fa-envelope\"><\/i><\/div>\n<div class=\"b-remaining f-contacts-short-item__text f-contacts-short-item__text_email\"><a href=\"mailto:s.guerra@osmek.it\">s.guerra@osmek.it <\/a><\/div>\n<\/div>\n<div class=\"b-contacts-short-item col-md-12 col-sm-4 col-xs-12\">\n<div class=\"b-contacts-short-item__icon f-contacts-short-item__icon b-left f-contacts-short-item__icon_xs\"><i class=\"fa fa-phone\"><\/i><\/div>\n<div class=\"b-remaining f-contacts-short-item__text f-contacts-short-item__text_email\">+39 0331 980000<\/div>\n<\/div>\n<div class=\"b-contacts-short-item col-md-12 col-sm-4 col-xs-12\">\n<div class=\"b-contacts-short-item__icon f-contacts-short-item__icon b-left f-contacts-short-item__icon_xs\"><i class=\"fa fa-fax\"><\/i><\/div>\n<div class=\"b-remaining f-contacts-short-item__text f-contacts-short-item__text_email\">+39 0331 983182<\/div>\n<\/div>\n<\/div>\n<\/th>\n<\/tr>\n<\/tbody>\n<\/table>\n\n\t\t<\/div>\n\t<\/div>\n<\/div><\/div><\/div><div class=\"wpb_column vc_column_container vc_col-sm-3\"><div class=\"vc_column-inner\"><div class=\"wpb_wrapper\">\n\t<div class=\"wpb_text_column wpb_content_element\" >\n\t\t<div class=\"wpb_wrapper\">\n\t\t\t<table class=\"table-team\">\n<tbody>\n<tr>\n<th class=\"th-img\"><img decoding=\"async\" src=\"http:\/\/osmek.it\/wp-content\/uploads\/2016\/01\/male.jpg\" width=\"100%\" \/><\/th>\n<\/tr>\n<tr>\n<th class=\"th-testo\">\n<div class=\"titolo\">Oscar Cavallaro<\/div>\n<div class=\"mansione\">Amministrazione<\/div>\n<div class=\"b-contacts-short-item-group\">\n<div class=\"b-contacts-short-item col-md-12 col-sm-4 col-xs-12\">\n<div class=\"b-contacts-short-item__icon f-contacts-short-item__icon b-left f-contacts-short-item__icon_xs\"><i class=\"fa fa-envelope\"><\/i><\/div>\n<div class=\"b-remaining f-contacts-short-item__text f-contacts-short-item__text_email\"><a href=\"mailto:o.cavallaro@osmek.it\">o.cavallaro@osmek.it <\/a><\/div>\n<\/div>\n<div class=\"b-contacts-short-item col-md-12 col-sm-4 col-xs-12\">\n<div class=\"b-contacts-short-item__icon f-contacts-short-item__icon b-left f-contacts-short-item__icon_xs\"><i class=\"fa fa-phone\"><\/i><\/div>\n<div class=\"b-remaining f-contacts-short-item__text f-contacts-short-item__text_email\">+39 0331 980000<\/div>\n<\/div>\n<div class=\"b-contacts-short-item col-md-12 col-sm-4 col-xs-12\">\n<div class=\"b-contacts-short-item__icon f-contacts-short-item__icon b-left f-contacts-short-item__icon_xs\"><i class=\"fa fa-fax\"><\/i><\/div>\n<div class=\"b-remaining f-contacts-short-item__text f-contacts-short-item__text_email\">+39 0331 983182<\/div>\n<\/div>\n<\/div>\n<\/th>\n<\/tr>\n<\/tbody>\n<\/table>\n\n\t\t<\/div>\n\t<\/div>\n<\/div><\/div><\/div><div class=\"wpb_column vc_column_container vc_col-sm-3\"><div class=\"vc_column-inner\"><div class=\"wpb_wrapper\">\n\t<div class=\"wpb_text_column wpb_content_element\" >\n\t\t<div class=\"wpb_wrapper\">\n\t\t\t<table class=\"table-team\">\n<tbody>\n<tr>\n<th class=\"th-img\"><img decoding=\"async\" src=\"http:\/\/osmek.it\/wp-content\/uploads\/2016\/01\/male.jpg\" width=\"100%\" \/><\/th>\n<\/tr>\n<tr>\n<th class=\"th-testo\">\n<div class=\"titolo\">Simone Guerra<\/div>\n<div class=\"mansione\">Acquisti, Produzione, Magazzino<\/div>\n<div class=\"b-contacts-short-item-group\">\n<div class=\"b-contacts-short-item col-md-12 col-sm-4 col-xs-12\">\n<div class=\"b-contacts-short-item__icon f-contacts-short-item__icon b-left f-contacts-short-item__icon_xs\"><i class=\"fa fa-envelope\"><\/i><\/div>\n<div class=\"b-remaining f-contacts-short-item__text f-contacts-short-item__text_email\"><a href=\"mailto:s.guerra@osmek.it\">s.guerra@osmek.it <\/a><\/div>\n<\/div>\n<div class=\"b-contacts-short-item col-md-12 col-sm-4 col-xs-12\">\n<div class=\"b-contacts-short-item__icon f-contacts-short-item__icon b-left f-contacts-short-item__icon_xs\"><i class=\"fa fa-phone\"><\/i><\/div>\n<div class=\"b-remaining f-contacts-short-item__text f-contacts-short-item__text_email\">+39 0331 980000<\/div>\n<\/div>\n<div class=\"b-contacts-short-item col-md-12 col-sm-4 col-xs-12\">\n<div class=\"b-contacts-short-item__icon f-contacts-short-item__icon b-left f-contacts-short-item__icon_xs\"><i class=\"fa fa-fax\"><\/i><\/div>\n<div class=\"b-remaining f-contacts-short-item__text f-contacts-short-item__text_email\">+39 0331 983182<\/div>\n<\/div>\n<\/div>\n<\/th>\n<\/tr>\n<\/tbody>\n<\/table>\n\n\t\t<\/div>\n\t<\/div>\n<\/div><\/div><\/div><div class=\"wpb_column vc_column_container vc_col-sm-3\"><div class=\"vc_column-inner\"><div class=\"wpb_wrapper\">\n\t<div class=\"wpb_text_column wpb_content_element\" >\n\t\t<div class=\"wpb_wrapper\">\n\t\t\t<table class=\"table-team\">\n<tbody>\n<tr>\n<th class=\"th-img\"><img decoding=\"async\" src=\"http:\/\/osmek.it\/wp-content\/uploads\/2016\/01\/female.jpg\" width=\"100%\" \/><\/th>\n<\/tr>\n<tr>\n<th class=\"th-testo\">\n<div class=\"titolo\">Chiara Manciagli<\/div>\n<div class=\"mansione\">Segreteria generale, Magazzino<\/div>\n<div class=\"b-contacts-short-item-group\">\n<div class=\"b-contacts-short-item col-md-12 col-sm-4 col-xs-12\">\n<div class=\"b-contacts-short-item__icon f-contacts-short-item__icon b-left f-contacts-short-item__icon_xs\"><i class=\"fa fa-envelope\"><\/i><\/div>\n<div class=\"b-remaining f-contacts-short-item__text f-contacts-short-item__text_email\"><a href=\"mailto:c.manciagli@osmek.it\">c.mangiagli@osmek.it <\/a><\/div>\n<\/div>\n<div class=\"b-contacts-short-item col-md-12 col-sm-4 col-xs-12\">\n<div class=\"b-contacts-short-item__icon f-contacts-short-item__icon b-left f-contacts-short-item__icon_xs\"><i class=\"fa fa-phone\"><\/i><\/div>\n<div class=\"b-remaining f-contacts-short-item__text f-contacts-short-item__text_email\">+39 0331 980000<\/div>\n<\/div>\n<div class=\"b-contacts-short-item col-md-12 col-sm-4 col-xs-12\">\n<div class=\"b-contacts-short-item__icon f-contacts-short-item__icon b-left f-contacts-short-item__icon_xs\"><i class=\"fa fa-fax\"><\/i><\/div>\n<div class=\"b-remaining f-contacts-short-item__text f-contacts-short-item__text_email\">+39 0331 983182<\/div>\n<\/div>\n<\/div>\n<\/th>\n<\/tr>\n<\/tbody>\n<\/table>\n\n\t\t<\/div>\n\t<\/div>\n<\/div><\/div><\/div><\/div><\/div><\/div><\/div><\/div>","protected":false},"excerpt":{"rendered":"AZIENDA OSMEK S.r.l. con sede a Valmorea in provincia di Como opera da anni come Impresa generale al servizio delle aziende per la costruzione e commercializzazione di componentistica meccanica, particolari torniti e\/o fresati, gruppi e sotto-assiemi, minuterie. I punti di forza dell\u2019azienda e le competenze principali sono la flessibilit\u00e0 negli acquisti, nel commercio e nel [...]","protected":false},"author":1,"featured_media":0,"parent":0,"menu_order":0,"comment_status":"closed","ping_status":"closed","template":"","meta":{"_bbp_topic_count":0,"_bbp_reply_count":0,"_bbp_total_topic_count":0,"_bbp_total_reply_count":0,"_bbp_voice_count":0,"_bbp_anonymous_reply_count":0,"_bbp_topic_count_hidden":0,"_bbp_reply_count_hidden":0,"_bbp_forum_subforum_count":0,"footnotes":""},"class_list":["post-8","page","type-page","status-publish","hentry"],"yoast_head":"<!-- This site is optimized with the Yoast SEO plugin v27.2 - https:\/\/yoast.com\/product\/yoast-seo-wordpress\/ -->\n<title>Azienda - Osmek s.r.l.<\/title>\n<meta name=\"robots\" content=\"index, follow, max-snippet:-1, max-image-preview:large, max-video-preview:-1\" \/>\n<link rel=\"canonical\" href=\"https:\/\/osmek.it\/de\/azienda\/\" \/>\n<meta property=\"og:locale\" content=\"de_DE\" \/>\n<meta property=\"og:type\" content=\"article\" \/>\n<meta property=\"og:title\" content=\"Azienda - Osmek s.r.l.\" \/>\n<meta property=\"og:url\" content=\"https:\/\/osmek.it\/de\/azienda\/\" \/>\n<meta property=\"og:site_name\" content=\"Osmek s.r.l.\" \/>\n<meta property=\"article:modified_time\" content=\"2023-10-24T08:03:30+00:00\" \/>\n<meta property=\"og:image\" content=\"https:\/\/osmek.it\/wp-content\/uploads\/2023\/10\/osmek-valmorea.jpg\" \/>\n<meta name=\"twitter:card\" content=\"summary_large_image\" \/>\n<meta name=\"twitter:label1\" content=\"Gesch\u00e4tzte Lesezeit\" \/>\n\t<meta name=\"twitter:data1\" content=\"2\u00a0Minuten\" \/>\n<script type=\"application\/ld+json\" class=\"yoast-schema-graph\">{\"@context\":\"https:\/\/schema.org\",\"@graph\":[{\"@type\":\"WebPage\",\"@id\":\"https:\/\/osmek.it\/azienda\/\",\"url\":\"https:\/\/osmek.it\/azienda\/\",\"name\":\"Azienda - Osmek s.r.l.\",\"isPartOf\":{\"@id\":\"https:\/\/osmek.it\/#website\"},\"primaryImageOfPage\":{\"@id\":\"https:\/\/osmek.it\/azienda\/#primaryimage\"},\"image\":{\"@id\":\"https:\/\/osmek.it\/azienda\/#primaryimage\"},\"thumbnailUrl\":\"https:\/\/osmek.it\/wp-content\/uploads\/2023\/10\/osmek-valmorea.jpg\",\"datePublished\":\"2016-01-25T17:17:22+00:00\",\"dateModified\":\"2023-10-24T08:03:30+00:00\",\"breadcrumb\":{\"@id\":\"https:\/\/osmek.it\/azienda\/#breadcrumb\"},\"inLanguage\":\"de\",\"potentialAction\":[{\"@type\":\"ReadAction\",\"target\":[\"https:\/\/osmek.it\/azienda\/\"]}]},{\"@type\":\"ImageObject\",\"inLanguage\":\"de\",\"@id\":\"https:\/\/osmek.it\/azienda\/#primaryimage\",\"url\":\"https:\/\/osmek.it\/wp-content\/uploads\/2023\/10\/osmek-valmorea.jpg\",\"contentUrl\":\"https:\/\/osmek.it\/wp-content\/uploads\/2023\/10\/osmek-valmorea.jpg\"},{\"@type\":\"BreadcrumbList\",\"@id\":\"https:\/\/osmek.it\/azienda\/#breadcrumb\",\"itemListElement\":[{\"@type\":\"ListItem\",\"position\":1,\"name\":\"Home\",\"item\":\"https:\/\/osmek.it\/\"},{\"@type\":\"ListItem\",\"position\":2,\"name\":\"Azienda\"}]},{\"@type\":\"WebSite\",\"@id\":\"https:\/\/osmek.it\/#website\",\"url\":\"https:\/\/osmek.it\/\",\"name\":\"Osmek s.r.l.\",\"description\":\"\",\"potentialAction\":[{\"@type\":\"SearchAction\",\"target\":{\"@type\":\"EntryPoint\",\"urlTemplate\":\"https:\/\/osmek.it\/?s={search_term_string}\"},\"query-input\":{\"@type\":\"PropertyValueSpecification\",\"valueRequired\":true,\"valueName\":\"search_term_string\"}}],\"inLanguage\":\"de\"}]}<\/script>\n<!-- \/ Yoast SEO plugin. -->","yoast_head_json":{"title":"Azienda - Osmek s.r.l.","robots":{"index":"index","follow":"follow","max-snippet":"max-snippet:-1","max-image-preview":"max-image-preview:large","max-video-preview":"max-video-preview:-1"},"canonical":"https:\/\/osmek.it\/de\/azienda\/","og_locale":"de_DE","og_type":"article","og_title":"Azienda - Osmek s.r.l.","og_url":"https:\/\/osmek.it\/de\/azienda\/","og_site_name":"Osmek s.r.l.","article_modified_time":"2023-10-24T08:03:30+00:00","og_image":[{"url":"https:\/\/osmek.it\/wp-content\/uploads\/2023\/10\/osmek-valmorea.jpg","type":"","width":"","height":""}],"twitter_card":"summary_large_image","twitter_misc":{"Gesch\u00e4tzte Lesezeit":"2\u00a0Minuten"},"schema":{"@context":"https:\/\/schema.org","@graph":[{"@type":"WebPage","@id":"https:\/\/osmek.it\/azienda\/","url":"https:\/\/osmek.it\/azienda\/","name":"Azienda - Osmek s.r.l.","isPartOf":{"@id":"https:\/\/osmek.it\/#website"},"primaryImageOfPage":{"@id":"https:\/\/osmek.it\/azienda\/#primaryimage"},"image":{"@id":"https:\/\/osmek.it\/azienda\/#primaryimage"},"thumbnailUrl":"https:\/\/osmek.it\/wp-content\/uploads\/2023\/10\/osmek-valmorea.jpg","datePublished":"2016-01-25T17:17:22+00:00","dateModified":"2023-10-24T08:03:30+00:00","breadcrumb":{"@id":"https:\/\/osmek.it\/azienda\/#breadcrumb"},"inLanguage":"de","potentialAction":[{"@type":"ReadAction","target":["https:\/\/osmek.it\/azienda\/"]}]},{"@type":"ImageObject","inLanguage":"de","@id":"https:\/\/osmek.it\/azienda\/#primaryimage","url":"https:\/\/osmek.it\/wp-content\/uploads\/2023\/10\/osmek-valmorea.jpg","contentUrl":"https:\/\/osmek.it\/wp-content\/uploads\/2023\/10\/osmek-valmorea.jpg"},{"@type":"BreadcrumbList","@id":"https:\/\/osmek.it\/azienda\/#breadcrumb","itemListElement":[{"@type":"ListItem","position":1,"name":"Home","item":"https:\/\/osmek.it\/"},{"@type":"ListItem","position":2,"name":"Azienda"}]},{"@type":"WebSite","@id":"https:\/\/osmek.it\/#website","url":"https:\/\/osmek.it\/","name":"Osmek s.r.l.","description":"","potentialAction":[{"@type":"SearchAction","target":{"@type":"EntryPoint","urlTemplate":"https:\/\/osmek.it\/?s={search_term_string}"},"query-input":{"@type":"PropertyValueSpecification","valueRequired":true,"valueName":"search_term_string"}}],"inLanguage":"de"}]}},"_links":{"self":[{"href":"https:\/\/osmek.it\/de\/wp-json\/wp\/v2\/pages\/8","targetHints":{"allow":["GET"]}}],"collection":[{"href":"https:\/\/osmek.it\/de\/wp-json\/wp\/v2\/pages"}],"about":[{"href":"https:\/\/osmek.it\/de\/wp-json\/wp\/v2\/types\/page"}],"author":[{"embeddable":true,"href":"https:\/\/osmek.it\/de\/wp-json\/wp\/v2\/users\/1"}],"replies":[{"embeddable":true,"href":"https:\/\/osmek.it\/de\/wp-json\/wp\/v2\/comments?post=8"}],"version-history":[{"count":56,"href":"https:\/\/osmek.it\/de\/wp-json\/wp\/v2\/pages\/8\/revisions"}],"predecessor-version":[{"id":746,"href":"https:\/\/osmek.it\/de\/wp-json\/wp\/v2\/pages\/8\/revisions\/746"}],"wp:attachment":[{"href":"https:\/\/osmek.it\/de\/wp-json\/wp\/v2\/media?parent=8"}],"curies":[{"name":"wp","href":"https:\/\/api.w.org\/{rel}","templated":true}]}}