{"id":26,"date":"2016-01-25T18:20:27","date_gmt":"2016-01-25T17:20:27","guid":{"rendered":"http:\/\/osmek.it\/?page_id=26"},"modified":"2016-05-09T14:43:21","modified_gmt":"2016-05-09T12:43:21","slug":"tranciatura-di-minuterie-metalliche","status":"publish","type":"page","link":"https:\/\/osmek.it\/de\/tranciatura-di-minuterie-metalliche\/","title":{"rendered":"Stanzen von Metallkleinteilen"},"content":{"rendered":"<div data-vc-full-width=\"true\" data-vc-full-width-init=\"false\" data-vc-stretch-content=\"true\" class=\"vc_row wpb_row vc_row-fluid vc_custom_1454059376523 vc_row-no-padding\"><div class=\"wpb_column vc_column_container vc_col-sm-12\"><div class=\"vc_column-inner\"><div class=\"wpb_wrapper\">\n\t<div class=\"wpb_text_column wpb_content_element\" >\n\t\t<div class=\"wpb_wrapper\">\n\t\t\t<p><img decoding=\"async\" src=\"http:\/\/osmek.it\/wp-content\/uploads\/2016\/01\/Tranciatura-di-Minuterie-Metalliche.jpg\" alt=\"Tranciatura di Minuterie Metalliche Varese e Milano - Osmek\" width=\"100%\" \/><\/p>\n\n\t\t<\/div>\n\t<\/div>\n<\/div><\/div><\/div><\/div><div class=\"vc_row-full-width vc_clearfix\"><\/div><div class=\"vc_row wpb_row vc_row-fluid\"><div class=\"wpb_column vc_column_container vc_col-sm-8\"><div class=\"vc_column-inner\"><div class=\"wpb_wrapper\">\n\t<div class=\"wpb_text_column wpb_content_element  wpb_animate_when_almost_visible wpb_appear appear\" >\n\t\t<div class=\"wpb_wrapper\">\n\t\t\t<h1 class=\"titolo\">Stanzen von Metallkleinteilen<\/h1>\n\n\t\t<\/div>\n\t<\/div>\n\n\t<div class=\"wpb_text_column wpb_content_element  wpb_animate_when_almost_visible wpb_appear appear\" >\n\t\t<div class=\"wpb_wrapper\">\n\t\t\t<p class=\"translation-block\">Das Stanzen von Metallkleinteilen und metallischen Materialien geh\u00f6rt zum Angebot an Bearbeitungen, die Osmek S.r.l. Seinen Kunden bietet. Dies auch dank einem Joint Venture, das auf das Stanzen von mechanischen und\/oder metallischen Kleinteilen f\u00fcr Dritte, Blechbiegen, Montage und Nachbearbeiten von Materialien aller Art spezialisiert ist. F\u00fcr die Herstellung eines breiten Produktangebots stehen mechanische Pressen bis 160 Tonnen zur Verf\u00fcgung. Wir k\u00f6nnen sowohl Einzel- als auch Block- oder Stufenformen verwenden.<\/p>\n<p>All dies immer unter voller Einhaltung der wirtschaftlichen und qualitativen Anforderungen unserer Kunden.<\/p>\n<p>Wir k\u00f6nnen den kompletten Service von der Herstellung der Form bis hin zur Lieferung des Fertigprodukts anbieten oder die Bearbeitungen im Auftrag Dritter mit den Ausr\u00fcstungen unserer Kunden ausf\u00fchren.<\/p>\n<p>Z\u00f6gern Sie nicht, uns Ihre Zeichnung zum Stanzen zu unterbreiten. Wir k\u00f6nnen auch alle notwendigen zus\u00e4tzlichen Bearbeitungen bereitstellen, um das Werkst\u00fcck fertigzustellen und unseren Kunden das fertige Produkt zu liefern.<\/p>\n\n\t\t<\/div>\n\t<\/div>\n<div class=\"vc_empty_space\"   style=\"height: 5px\"><span class=\"vc_empty_space_inner\"><\/span><\/div>\n\t<div class=\"wpb_text_column wpb_content_element  wpb_animate_when_almost_visible wpb_appear appear\" >\n\t\t<div class=\"wpb_wrapper\">\n\t\t\t<h3 class=\"sub-titolo\">Produkte<\/h3>\n\n\t\t<\/div>\n\t<\/div>\n\n<div class=\"vc_grid-container-wrapper vc_clearfix vc_grid-animation-fadeIn\">\n\t<div class=\"vc_grid-container vc_clearfix wpb_content_element vc_media_grid\" data-initial-loading-animation=\"fadeIn\" data-vc-grid-settings=\"{&quot;page_id&quot;:26,&quot;style&quot;:&quot;all&quot;,&quot;action&quot;:&quot;vc_get_vc_grid_data&quot;,&quot;shortcode_id&quot;:&quot;1462797781144-07df0706-5165-9&quot;,&quot;tag&quot;:&quot;vc_media_grid&quot;}\" data-vc-request=\"https:\/\/osmek.it\/wp-admin\/admin-ajax.php\" data-vc-post-id=\"26\" data-vc-public-nonce=\"5498e9204c\">\n\t\t\n\t<\/div>\n<\/div>\n\t<div class=\"wpb_text_column wpb_content_element\" >\n\t\t<div class=\"wpb_wrapper\">\n\t\t\t<h2 class=\"titolo_seo\">Auf Stanzen von Metallkleinteilen und metallische Materialien im Allgemeinen spezialisiertes Unternehmen in der Provinz Varese<\/h2>\n\n\t\t<\/div>\n\t<\/div>\n<\/div><\/div><\/div><div class=\"wpb_column vc_column_container vc_col-sm-4\"><div class=\"vc_column-inner\"><div class=\"wpb_wrapper\"><div  class=\"wpb_widgetised_column wpb_content_element wpb_animate_when_almost_visible wpb_appear wpb_start_animation\">\n\t\t<div class=\"wpb_wrapper\">\n\t\t\t\n\t\t\t<div class=\"frexy-dynamic-sidebar frexy_sidebar\"><div class=\"b-default-bottom-indent\">\t\t\t<div class=\"textwidget\">\n<div class=\"wpcf7 no-js\" id=\"wpcf7-f303-o1\" lang=\"it-IT\" dir=\"ltr\" data-wpcf7-id=\"303\">\n<div class=\"screen-reader-response\"><p role=\"status\" aria-live=\"polite\" aria-atomic=\"true\"><\/p> <ul><\/ul><\/div>\n<form action=\"\/de\/wp-json\/wp\/v2\/pages\/26#wpcf7-f303-o1\" method=\"post\" class=\"wpcf7-form init\" aria-label=\"Modulo di contatto\" novalidate=\"novalidate\" data-status=\"init\" data-trp-original-action=\"\/de\/wp-json\/wp\/v2\/pages\/26#wpcf7-f303-o1\">\n<fieldset class=\"hidden-fields-container\"><input type=\"hidden\" name=\"_wpcf7\" value=\"303\" \/><input type=\"hidden\" name=\"_wpcf7_version\" value=\"6.1.5\" \/><input type=\"hidden\" name=\"_wpcf7_locale\" value=\"it_IT\" \/><input type=\"hidden\" name=\"_wpcf7_unit_tag\" value=\"wpcf7-f303-o1\" \/><input type=\"hidden\" name=\"_wpcf7_container_post\" value=\"0\" \/><input type=\"hidden\" name=\"_wpcf7_posted_data_hash\" value=\"\" \/><input type=\"hidden\" name=\"_wpcf7_recaptcha_response\" value=\"\" \/>\n<\/fieldset>\n<div class=\"col-xs-12 col-sm-12\">\n\t<p><b style=\" font-size: 18px; margin-bottom: 15px; float: left;\">Schreiben Sie uns f\u00fcr ein Angebot<\/b>\n\t<\/p>\n<\/div>\n<hr \/>\n<div class=\"col-xs-12 col-sm-12\">\n\t<p><span class=\"wpcf7-form-control-wrap\" data-name=\"nome\"><input size=\"40\" maxlength=\"400\" class=\"wpcf7-form-control wpcf7-text wpcf7-validates-as-required\" aria-required=\"true\" aria-invalid=\"false\" placeholder=\"Firmenname*\" value=\"\" type=\"text\" name=\"nome\" \/><\/span><span class=\"wpcf7-form-control-wrap\" data-name=\"email\"><input size=\"40\" maxlength=\"400\" class=\"wpcf7-form-control wpcf7-email wpcf7-validates-as-required wpcf7-text wpcf7-validates-as-email\" aria-required=\"true\" aria-invalid=\"false\" placeholder=\"E-Mail*\" value=\"\" type=\"email\" name=\"email\" \/><\/span>\n\t<\/p>\n<\/div>\n<div class=\"col-xs-12 col-sm-12\">\n\t<p><span class=\"wpcf7-form-control-wrap\" data-name=\"telefono\"><input size=\"40\" maxlength=\"400\" class=\"wpcf7-form-control wpcf7-tel wpcf7-text wpcf7-validates-as-tel\" aria-invalid=\"false\" placeholder=\"Telefon\" value=\"\" type=\"tel\" name=\"telefono\" \/><\/span>\n\t<\/p>\n<\/div>\n<div class=\"col-xs-12 col-sm-12\">\n\t<p><span class=\"wpcf7-form-control-wrap\" data-name=\"messaggio\"><textarea cols=\"40\" rows=\"6\" maxlength=\"2000\" class=\"wpcf7-form-control wpcf7-textarea wpcf7-validates-as-required\" aria-required=\"true\" aria-invalid=\"false\" placeholder=\"Nachricht*\" name=\"messaggio\"><\/textarea><\/span>\n\t<\/p>\n<\/div>\n<div class=\"col-xs-12 col-sm-12\">\n\t<p><span class=\"wpcf7-form-control-wrap\" data-name=\"consenso\"><span class=\"wpcf7-form-control wpcf7-acceptance\"><span class=\"wpcf7-list-item\"><input type=\"checkbox\" name=\"consenso\" value=\"1\" aria-invalid=\"false\" \/><\/span><\/span><\/span> I have read and accept the <a href=\"\/\/www.iubenda.com\/privacy-policy\/7874109\" class=\"iubenda-pp iubenda-it iubenda-nostyle iubenda-embed\" title=\"Privacy Policy\">Privacy Policy<\/a><a href=\"https:\/\/www.iubenda.com\/privacy-policy\/73820197\" class=\"iubenda-pp iubenda-en iubenda-nostyle iubenda-noiframe iubenda-embed iubenda-noiframe\" title=\"Privacy Policy \">Privacy Policy<\/a><a href=\"https:\/\/www.iubenda.com\/privacy-policy\/68090684\" class=\"iubenda-pp iubenda-de iubenda-nostyle iubenda-noiframe iubenda-embed iubenda-noiframe\" title=\"Datenschutzerkl\u00e4rung \">Datenschutzerkl\u00e4rung<\/a><a href=\"https:\/\/www.iubenda.com\/privacy-policy\/39144513\" class=\"iubenda-pp iubenda-fr iubenda-nostyle iubenda-noiframe iubenda-embed iubenda-noiframe\" title=\"Politique de confidentialit\u00e9 \">Politique de confidentialit\u00e9<\/a>\n\t<\/p>\n<\/div>\n<div class=\"col-xs-12 col-sm-12\">\n\t<p><input class=\"wpcf7-form-control wpcf7-submit has-spinner\" type=\"submit\" value=\"Senden\" \/>\n\t<\/p>\n<\/div><div class=\"wpcf7-response-output\" aria-hidden=\"true\"><\/div>\n<input type=\"hidden\" name=\"trp-form-language\" value=\"de\"\/><\/form>\n<\/div>\n<\/div>\n\t\t<\/div><div class=\"b-default-bottom-indent\">\t\t\t<div class=\"textwidget\"><div class=\"col-md-12 col-sm-12 col-xs-12\">  \r\n<div class=\"\">   \r\n<b style=\"font-size: 18px; margin-bottom: 15px; float: left;\">BEARBEITUNGEN<\/b><\/div>\r\n\r\n\t<ul class=\"menu-footer\">\r\n<li class=\"b-top-nav__2level f-top-nav__2level f-primary\"><a href=\"http:\/\/osmek.it\/de\/tornitura-metalli\/\" class=\"menu-link sub-menu-link\"><i class=\"fa b-menu-1level-ico\" data-name=\"\"><\/i><i class=\"fa fa-angle-right\"><\/i>DREHEN <\/a><\/li>\r\n<li class=\"b-top-nav__2level f-top-nav__2level f-primary\"><a href=\"http:\/\/osmek.it\/de\/fresatura\/\" class=\"menu-link sub-menu-link\"><i class=\"fa b-menu-1level-ico\" data-name=\"\"><\/i><i class=\"fa fa-angle-right\"><\/i>FR\u00c4SEN <\/a><\/li>\r\n<li class=\"b-top-nav__2level f-top-nav__2level f-primary\"><a href=\"http:\/\/osmek.it\/de\/tranciatura-di-minuterie-metalliche\/\" class=\"menu-link sub-menu-link\"><i class=\"fa b-menu-1level-ico\" data-name=\"\"><\/i><i class=\"fa fa-angle-right\"><\/i>Stanzen von Metallkleinteilen <\/a><\/li>\r\n<li class=\"b-top-nav__2level f-top-nav__2level f-primary\"><a href=\"http:\/\/osmek.it\/de\/piegatura-di-tubi-in-acciaio-inox\/\" class=\"menu-link sub-menu-link\"><i class=\"fa b-menu-1level-ico\" data-name=\"\"><\/i><i class=\"fa fa-angle-right\"><\/i>Biegen und Formen von Rohren <\/a><\/li>\r\n<li class=\"b-top-nav__2level f-top-nav__2level f-primary\"><a href=\"http:\/\/osmek.it\/de\/lavorazione-da-filo\/\" class=\"menu-link sub-menu-link\"><i class=\"fa b-menu-1level-ico\" data-name=\"\"><\/i><i class=\"fa fa-angle-right\"><\/i>Metalldrahtbearbeitung <\/a><\/li>\r\n<li class=\"b-top-nav__2level f-top-nav__2level f-primary\"><a href=\"http:\/\/osmek.it\/de\/carpenteria-leggera\/\" class=\"menu-link sub-menu-link\"><i class=\"fa b-menu-1level-ico\" data-name=\"\"><\/i><i class=\"fa fa-angle-right\"><\/i>Leichtmetallbau <\/a><\/li>\r\n<li class=\"b-top-nav__2level f-top-nav__2level f-primary\"><a href=\"http:\/\/osmek.it\/de\/trattamenti-galvanici-e-di-finitura-su-ferro-ed-ottone\/\" class=\"menu-link sub-menu-link\"><i class=\"fa b-menu-1level-ico\" data-name=\"\"><\/i><i class=\"fa fa-angle-right\"><\/i>GALVANISCHE UND OBERFL\u00c4CHENBEHANDLUNGEN <\/a><\/li>\r\n<li class=\"b-top-nav__2level f-top-nav__2level f-primary\"><a href=\"http:\/\/osmek.it\/de\/trattamenti-termici\/\" class=\"menu-link sub-menu-link\"><i class=\"fa b-menu-1level-ico\" data-name=\"\"><\/i><i class=\"fa fa-angle-right\"><\/i>W\u00c4RMEBEHANDLUNGEN <\/a><\/li>\r\n<\/ul>\r\n    \r\n<\/div><\/div>\n\t\t<\/div><\/div>\n\t\t<\/div>\n\t<\/div>\n<\/div><\/div><\/div><\/div>","protected":false},"excerpt":{"rendered":"Tranciatura di minuterie metalliche Tranciatura di minuterie metalliche e di materiali metallici fanno parte dell'offerta di lavorazioni che Osmek S.r.l. offre ai propri clienti questo grazie anche ad una joint venture con una azienda specializzata in tranciatura di minuterie Meccaniche e\/o metalliche conto terzi, piegatura lamiere, lavorazioni di assemblaggio e ripresa su ogni tipo di [...]","protected":false},"author":1,"featured_media":0,"parent":0,"menu_order":0,"comment_status":"closed","ping_status":"closed","template":"","meta":{"_bbp_topic_count":0,"_bbp_reply_count":0,"_bbp_total_topic_count":0,"_bbp_total_reply_count":0,"_bbp_voice_count":0,"_bbp_anonymous_reply_count":0,"_bbp_topic_count_hidden":0,"_bbp_reply_count_hidden":0,"_bbp_forum_subforum_count":0,"footnotes":""},"class_list":["post-26","page","type-page","status-publish","hentry"],"yoast_head":"<!-- This site is optimized with the Yoast SEO plugin v27.2 - https:\/\/yoast.com\/product\/yoast-seo-wordpress\/ -->\n<title>Tranciatura di Minuterie Metalliche Varese e Milano - Osmek<\/title>\n<meta name=\"description\" content=\"Azienda specializzata nella tranciatura di minuterie metalliche e di materiali metallici in generale in provincia di Varese. Osmek - T. 0331 980000\" \/>\n<meta name=\"robots\" content=\"index, follow, max-snippet:-1, max-image-preview:large, max-video-preview:-1\" \/>\n<link rel=\"canonical\" href=\"https:\/\/osmek.it\/de\/tranciatura-di-minuterie-metalliche\/\" \/>\n<meta property=\"og:locale\" content=\"de_DE\" \/>\n<meta property=\"og:type\" content=\"article\" \/>\n<meta property=\"og:title\" content=\"Tranciatura di Minuterie Metalliche Varese e Milano - Osmek\" \/>\n<meta property=\"og:description\" content=\"Azienda specializzata nella tranciatura di minuterie metalliche e di materiali metallici in generale in provincia di Varese. Osmek - T. 0331 980000\" \/>\n<meta property=\"og:url\" content=\"https:\/\/osmek.it\/de\/tranciatura-di-minuterie-metalliche\/\" \/>\n<meta property=\"og:site_name\" content=\"Osmek s.r.l.\" \/>\n<meta property=\"article:modified_time\" content=\"2016-05-09T12:43:21+00:00\" \/>\n<meta property=\"og:image\" content=\"http:\/\/osmek.it\/wp-content\/uploads\/2016\/01\/Tranciatura-di-Minuterie-Metalliche.jpg\" \/>\n<meta name=\"twitter:card\" content=\"summary_large_image\" \/>\n<meta name=\"twitter:label1\" content=\"Gesch\u00e4tzte Lesezeit\" \/>\n\t<meta name=\"twitter:data1\" content=\"1\u00a0Minute\" \/>\n<script type=\"application\/ld+json\" class=\"yoast-schema-graph\">{\"@context\":\"https:\/\/schema.org\",\"@graph\":[{\"@type\":\"WebPage\",\"@id\":\"https:\/\/osmek.it\/tranciatura-di-minuterie-metalliche\/\",\"url\":\"https:\/\/osmek.it\/tranciatura-di-minuterie-metalliche\/\",\"name\":\"Tranciatura di Minuterie Metalliche Varese e Milano - Osmek\",\"isPartOf\":{\"@id\":\"https:\/\/osmek.it\/#website\"},\"primaryImageOfPage\":{\"@id\":\"https:\/\/osmek.it\/tranciatura-di-minuterie-metalliche\/#primaryimage\"},\"image\":{\"@id\":\"https:\/\/osmek.it\/tranciatura-di-minuterie-metalliche\/#primaryimage\"},\"thumbnailUrl\":\"http:\/\/osmek.it\/wp-content\/uploads\/2016\/01\/Tranciatura-di-Minuterie-Metalliche.jpg\",\"datePublished\":\"2016-01-25T17:20:27+00:00\",\"dateModified\":\"2016-05-09T12:43:21+00:00\",\"description\":\"Azienda specializzata nella tranciatura di minuterie metalliche e di materiali metallici in generale in provincia di Varese. Osmek - T. 0331 980000\",\"breadcrumb\":{\"@id\":\"https:\/\/osmek.it\/tranciatura-di-minuterie-metalliche\/#breadcrumb\"},\"inLanguage\":\"de\",\"potentialAction\":[{\"@type\":\"ReadAction\",\"target\":[\"https:\/\/osmek.it\/tranciatura-di-minuterie-metalliche\/\"]}]},{\"@type\":\"ImageObject\",\"inLanguage\":\"de\",\"@id\":\"https:\/\/osmek.it\/tranciatura-di-minuterie-metalliche\/#primaryimage\",\"url\":\"http:\/\/osmek.it\/wp-content\/uploads\/2016\/01\/Tranciatura-di-Minuterie-Metalliche.jpg\",\"contentUrl\":\"http:\/\/osmek.it\/wp-content\/uploads\/2016\/01\/Tranciatura-di-Minuterie-Metalliche.jpg\"},{\"@type\":\"BreadcrumbList\",\"@id\":\"https:\/\/osmek.it\/tranciatura-di-minuterie-metalliche\/#breadcrumb\",\"itemListElement\":[{\"@type\":\"ListItem\",\"position\":1,\"name\":\"Home\",\"item\":\"https:\/\/osmek.it\/\"},{\"@type\":\"ListItem\",\"position\":2,\"name\":\"Tranciatura di Minuterie Metalliche\"}]},{\"@type\":\"WebSite\",\"@id\":\"https:\/\/osmek.it\/#website\",\"url\":\"https:\/\/osmek.it\/\",\"name\":\"Osmek s.r.l.\",\"description\":\"\",\"potentialAction\":[{\"@type\":\"SearchAction\",\"target\":{\"@type\":\"EntryPoint\",\"urlTemplate\":\"https:\/\/osmek.it\/?s={search_term_string}\"},\"query-input\":{\"@type\":\"PropertyValueSpecification\",\"valueRequired\":true,\"valueName\":\"search_term_string\"}}],\"inLanguage\":\"de\"}]}<\/script>\n<!-- \/ Yoast SEO plugin. -->","yoast_head_json":{"title":"Tranciatura di Minuterie Metalliche Varese e Milano - Osmek","description":"Azienda specializzata nella tranciatura di minuterie metalliche e di materiali metallici in generale in provincia di Varese. Osmek - T. 0331 980000","robots":{"index":"index","follow":"follow","max-snippet":"max-snippet:-1","max-image-preview":"max-image-preview:large","max-video-preview":"max-video-preview:-1"},"canonical":"https:\/\/osmek.it\/de\/tranciatura-di-minuterie-metalliche\/","og_locale":"de_DE","og_type":"article","og_title":"Tranciatura di Minuterie Metalliche Varese e Milano - Osmek","og_description":"Azienda specializzata nella tranciatura di minuterie metalliche e di materiali metallici in generale in provincia di Varese. Osmek - T. 0331 980000","og_url":"https:\/\/osmek.it\/de\/tranciatura-di-minuterie-metalliche\/","og_site_name":"Osmek s.r.l.","article_modified_time":"2016-05-09T12:43:21+00:00","og_image":[{"url":"http:\/\/osmek.it\/wp-content\/uploads\/2016\/01\/Tranciatura-di-Minuterie-Metalliche.jpg","type":"","width":"","height":""}],"twitter_card":"summary_large_image","twitter_misc":{"Gesch\u00e4tzte Lesezeit":"1\u00a0Minute"},"schema":{"@context":"https:\/\/schema.org","@graph":[{"@type":"WebPage","@id":"https:\/\/osmek.it\/tranciatura-di-minuterie-metalliche\/","url":"https:\/\/osmek.it\/tranciatura-di-minuterie-metalliche\/","name":"Tranciatura di Minuterie Metalliche Varese e Milano - Osmek","isPartOf":{"@id":"https:\/\/osmek.it\/#website"},"primaryImageOfPage":{"@id":"https:\/\/osmek.it\/tranciatura-di-minuterie-metalliche\/#primaryimage"},"image":{"@id":"https:\/\/osmek.it\/tranciatura-di-minuterie-metalliche\/#primaryimage"},"thumbnailUrl":"http:\/\/osmek.it\/wp-content\/uploads\/2016\/01\/Tranciatura-di-Minuterie-Metalliche.jpg","datePublished":"2016-01-25T17:20:27+00:00","dateModified":"2016-05-09T12:43:21+00:00","description":"Azienda specializzata nella tranciatura di minuterie metalliche e di materiali metallici in generale in provincia di Varese. Osmek - T. 0331 980000","breadcrumb":{"@id":"https:\/\/osmek.it\/tranciatura-di-minuterie-metalliche\/#breadcrumb"},"inLanguage":"de","potentialAction":[{"@type":"ReadAction","target":["https:\/\/osmek.it\/tranciatura-di-minuterie-metalliche\/"]}]},{"@type":"ImageObject","inLanguage":"de","@id":"https:\/\/osmek.it\/tranciatura-di-minuterie-metalliche\/#primaryimage","url":"http:\/\/osmek.it\/wp-content\/uploads\/2016\/01\/Tranciatura-di-Minuterie-Metalliche.jpg","contentUrl":"http:\/\/osmek.it\/wp-content\/uploads\/2016\/01\/Tranciatura-di-Minuterie-Metalliche.jpg"},{"@type":"BreadcrumbList","@id":"https:\/\/osmek.it\/tranciatura-di-minuterie-metalliche\/#breadcrumb","itemListElement":[{"@type":"ListItem","position":1,"name":"Home","item":"https:\/\/osmek.it\/"},{"@type":"ListItem","position":2,"name":"Tranciatura di Minuterie Metalliche"}]},{"@type":"WebSite","@id":"https:\/\/osmek.it\/#website","url":"https:\/\/osmek.it\/","name":"Osmek s.r.l.","description":"","potentialAction":[{"@type":"SearchAction","target":{"@type":"EntryPoint","urlTemplate":"https:\/\/osmek.it\/?s={search_term_string}"},"query-input":{"@type":"PropertyValueSpecification","valueRequired":true,"valueName":"search_term_string"}}],"inLanguage":"de"}]}},"_links":{"self":[{"href":"https:\/\/osmek.it\/de\/wp-json\/wp\/v2\/pages\/26","targetHints":{"allow":["GET"]}}],"collection":[{"href":"https:\/\/osmek.it\/de\/wp-json\/wp\/v2\/pages"}],"about":[{"href":"https:\/\/osmek.it\/de\/wp-json\/wp\/v2\/types\/page"}],"author":[{"embeddable":true,"href":"https:\/\/osmek.it\/de\/wp-json\/wp\/v2\/users\/1"}],"replies":[{"embeddable":true,"href":"https:\/\/osmek.it\/de\/wp-json\/wp\/v2\/comments?post=26"}],"version-history":[{"count":24,"href":"https:\/\/osmek.it\/de\/wp-json\/wp\/v2\/pages\/26\/revisions"}],"predecessor-version":[{"id":528,"href":"https:\/\/osmek.it\/de\/wp-json\/wp\/v2\/pages\/26\/revisions\/528"}],"wp:attachment":[{"href":"https:\/\/osmek.it\/de\/wp-json\/wp\/v2\/media?parent=26"}],"curies":[{"name":"wp","href":"https:\/\/api.w.org\/{rel}","templated":true}]}}