{"id":16,"date":"2016-01-25T18:19:05","date_gmt":"2016-01-25T17:19:05","guid":{"rendered":"http:\/\/osmek.it\/?page_id=16"},"modified":"2016-10-28T09:56:10","modified_gmt":"2016-10-28T07:56:10","slug":"trattamenti-galvanici-e-di-finitura-su-ferro-ed-ottone","status":"publish","type":"page","link":"https:\/\/osmek.it\/de\/trattamenti-galvanici-e-di-finitura-su-ferro-ed-ottone\/","title":{"rendered":"GALVANISCHE UND OBERFL\u00c4CHENBEHANDLUNGEN"},"content":{"rendered":"<div data-vc-full-width=\"true\" data-vc-full-width-init=\"false\" data-vc-stretch-content=\"true\" class=\"vc_row wpb_row vc_row-fluid vc_custom_1454059376523 vc_row-no-padding\"><div class=\"wpb_column vc_column_container vc_col-sm-12\"><div class=\"vc_column-inner\"><div class=\"wpb_wrapper\">\n\t<div class=\"wpb_text_column wpb_content_element\" >\n\t\t<div class=\"wpb_wrapper\">\n\t\t\t<p><img decoding=\"async\" src=\"http:\/\/osmek.it\/wp-content\/uploads\/2016\/01\/trattamenti_galvanici.jpg\" alt=\"Trattamenti Galvanici e di Finitura su Ferro ed Ottone Varese e Milano - Osmek\" width=\"100%\" \/><\/p>\n\n\t\t<\/div>\n\t<\/div>\n<\/div><\/div><\/div><\/div><div class=\"vc_row-full-width vc_clearfix\"><\/div><div class=\"vc_row wpb_row vc_row-fluid\"><div class=\"wpb_column vc_column_container vc_col-sm-8\"><div class=\"vc_column-inner\"><div class=\"wpb_wrapper\">\n\t<div class=\"wpb_text_column wpb_content_element  wpb_animate_when_almost_visible wpb_appear appear\" >\n\t\t<div class=\"wpb_wrapper\">\n\t\t\t<h1 class=\"titolo\">Galvanische und Oberfl\u00e4chenbehandlungen von Eisen, Messing und anderen Materialien<\/h1>\n\n\t\t<\/div>\n\t<\/div>\n\n\t<div class=\"wpb_text_column wpb_content_element  wpb_animate_when_almost_visible wpb_appear appear\" >\n\t\t<div class=\"wpb_wrapper\">\n\t\t\t<p>Galvanische und Oberfl\u00e4chenbehandlungen von Eisen, Messing und anderen Materialien\nIm Rahmen der Oberfl\u00e4chenbehandlungen kann Osmek dank seines Netzwerks an qualifizierten Lieferanten selbstverst\u00e4ndlich alle diese galvanischen, thermischen und Oberfl\u00e4chenbehandlungen anbieten, immer mit dem Ziel seinen Kunden gebrauchsfertige Endprodukte bereitzustellen:<\/p>\n<p>Zusammenfassend geh\u00f6ren folgende galvanische Behandlungen zu unseren \u00fcblichen Bearbeitungen:<\/p>\n<ul>\n<li>Verzinken (sowohl Wei\u00dfverzinkung als auch dreiwertige gelbe Passivierung)<\/li>\n<li>Schwarz Verzinken<\/li>\n<li>Zink-Nickel-Beschichtung<\/li>\n<li>Vernickeln<\/li>\n<li>Chemisches Vernickeln<\/li>\n<li>Versilbern<\/li>\n<li>Verzinnen<\/li>\n<li>Vergolden<\/li>\n<li>Phosphatierung<\/li>\n<li>Elektropolitur<\/li>\n<li>Passivierung<\/li>\n<li>Anodische Oxidation (Anodisieren)<\/li>\n<li>Hartanodisieren<\/li>\n<li>Verchromen<\/li>\n<\/ul>\n<p>Die galvanischen Behandlungen k\u00f6nnen an folgenden Materialen durchgef\u00fchrt werden:<\/p>\n<ul>\n<li>Eisen<\/li>\n<li>Stahl<\/li>\n<li>Messing<\/li>\n<li>Aluminium<\/li>\n<li>Kupferlegierungen<\/li>\n<li>Edelstahl usw.<\/li>\n<\/ul>\n<p>Auf Wunsch k\u00f6nnen die entsprechenden Zertifizierungen zur \u00dcbereinstimmung und Einhaltung der Umweltvorschriften (ROHS, REACH, CONFLICT MINERALS, usw.) vorgelegt werden<\/p>\n\n\t\t<\/div>\n\t<\/div>\n\n\t<div class=\"wpb_text_column wpb_content_element  wpb_animate_when_almost_visible wpb_appear appear\" >\n\t\t<div class=\"wpb_wrapper\">\n\t\t\t<h1 class=\"titolo\">Oberfl\u00e4chenbehandlungen von Metallen<\/h1>\n\n\t\t<\/div>\n\t<\/div>\n\n\t<div class=\"wpb_text_column wpb_content_element  wpb_animate_when_almost_visible wpb_appear appear\" >\n\t\t<div class=\"wpb_wrapper\">\n\t\t\t<p>Beispielsweise kann Osmek folgende Oberfl\u00e4chenbehandlungen anbieten:<\/p>\n<ul>\n<li style=\"text-align: justify;\">Handpolieren<\/li>\n<li style=\"text-align: justify;\">Gleitschleifen<\/li>\n<li style=\"text-align: justify;\">Isotropes Gleitschleifen<\/li>\n<li style=\"text-align: justify;\">Reinigen<\/li>\n<li style=\"text-align: justify;\">Satinieren<\/li>\n<li style=\"text-align: justify;\">Neutrales und farbiges Anodisieren<\/li>\n<li style=\"text-align: justify;\">Hartanodisieren<\/li>\n<li style=\"text-align: justify;\">Br\u00fcnieren<\/li>\n<li style=\"text-align: justify;\">Verchromen<\/li>\n<li style=\"text-align: justify;\">Hartverchromen<\/li>\n<li style=\"text-align: justify;\">Vernickeln<\/li>\n<li style=\"text-align: justify;\">Chemisches Vernickeln<\/li>\n<li style=\"text-align: justify;\">Verkupfern<\/li>\n<li style=\"text-align: justify;\">Verzinken<\/li>\n<li style=\"text-align: justify;\">Feuerverzinken<\/li>\n<li style=\"text-align: justify;\">Phosphatierung (Zn\/Ca; Zn; Mn)<\/li>\n<li style=\"text-align: justify;\">Sandstrahlen sowohl mit Korund als auch mit Glasperlen<\/li>\n<li style=\"text-align: justify;\">Versilbern<\/li>\n<li style=\"text-align: justify;\">Vergolden<\/li>\n<li style=\"text-align: justify;\">Passivierung<\/li>\n<\/ul>\n<p>Auf Wunsch k\u00f6nnen f\u00fcr jede Behandlung die entsprechenden Nachweise vorgelegt werden, wie z. B. Kontrolle der Schichtdicke mit Fischerscope<\/p>\n<p>Immer mit dem Ziel, das fertige Werkst\u00fcck zu liefern und seinen Kunden einen schl\u00fcsselfertigen Service zu bieten kann Osmek S.r.l. sein Angebot durch alle diese erg\u00e4nzenden und zus\u00e4tzlichen Bearbeitungen vervollst\u00e4ndigen:<\/p>\n<ul>\n<li>Tagentiales Schleifen<\/li>\n<li>Tagentiales Rotationsschleifen<\/li>\n<li>Au\u00dfen- und\/oder Innenrundschleifen<\/li>\n<li>Centerless-Schleifen<\/li>\n<li>Schwei\u00dfung<\/li>\n<li>Pressen<\/li>\n<li>Vulkanisation<\/li>\n<li>Schutz<\/li>\n<li>Verpackung<\/li>\n<li>Montage<\/li>\n<li>Nachbearbeitungen allgemein<\/li>\n<li>Zusammenbau<\/li>\n<li>Materialanalyse<\/li>\n<li>Mechanische Tests und entsprechende Bescheinigungen.<\/li>\n<li>Logistikdienstleistungen (z. B. Kan-Ban, Lagerung, offene Bestellungen, usw.)<\/li>\n<\/ul>\n<p>Wenn Sie besondere Bed\u00fcrfnisse haben, z\u00f6gern Sie nicht, uns zu kontaktieren und um ein Angebot zu bitte. Zusammen werden wir die am besten geeignete L\u00f6sung f\u00fcr Ihre Bed\u00fcrfnisse erarbeiten.<\/p>\n\n\t\t<\/div>\n\t<\/div>\n<div class=\"vc_empty_space\"   style=\"height: 5px\"><span class=\"vc_empty_space_inner\"><\/span><\/div>\n\t<div class=\"wpb_text_column wpb_content_element  wpb_animate_when_almost_visible wpb_appear appear\" >\n\t\t<div class=\"wpb_wrapper\">\n\t\t\t<h3 class=\"sub-titolo\">Produkte<\/h3>\n\n\t\t<\/div>\n\t<\/div>\n\n<div class=\"vc_grid-container-wrapper vc_clearfix vc_grid-animation-fadeIn\">\n\t<div class=\"vc_grid-container vc_clearfix wpb_content_element vc_media_grid\" data-initial-loading-animation=\"fadeIn\" data-vc-grid-settings=\"{&quot;page_id&quot;:16,&quot;style&quot;:&quot;all&quot;,&quot;action&quot;:&quot;vc_get_vc_grid_data&quot;,&quot;shortcode_id&quot;:&quot;1477641345960-3846c598-622a-10&quot;,&quot;tag&quot;:&quot;vc_media_grid&quot;}\" data-vc-request=\"https:\/\/osmek.it\/wp-admin\/admin-ajax.php\" data-vc-post-id=\"16\" data-vc-public-nonce=\"5498e9204c\">\n\t\t\n\t<\/div>\n<\/div>\n\t<div class=\"wpb_text_column wpb_content_element\" >\n\t\t<div class=\"wpb_wrapper\">\n\t\t\t<h2 class=\"titolo_seo\">Auf galvanische und Oberfl\u00e4chenbehandlungen von Eisen und Messing spezialisiertes Unternehmen in der Provinz Varese<\/h2>\n\n\t\t<\/div>\n\t<\/div>\n<\/div><\/div><\/div><div class=\"wpb_column vc_column_container vc_col-sm-4\"><div class=\"vc_column-inner\"><div class=\"wpb_wrapper\"><div  class=\"wpb_widgetised_column wpb_content_element wpb_animate_when_almost_visible wpb_appear wpb_start_animation\">\n\t\t<div class=\"wpb_wrapper\">\n\t\t\t\n\t\t\t<div class=\"frexy-dynamic-sidebar frexy_sidebar\"><div class=\"b-default-bottom-indent\">\t\t\t<div class=\"textwidget\">\n<div class=\"wpcf7 no-js\" id=\"wpcf7-f303-o1\" lang=\"it-IT\" dir=\"ltr\" data-wpcf7-id=\"303\">\n<div class=\"screen-reader-response\"><p role=\"status\" aria-live=\"polite\" aria-atomic=\"true\"><\/p> <ul><\/ul><\/div>\n<form action=\"\/de\/wp-json\/wp\/v2\/pages\/16#wpcf7-f303-o1\" method=\"post\" class=\"wpcf7-form init\" aria-label=\"Modulo di contatto\" novalidate=\"novalidate\" data-status=\"init\" data-trp-original-action=\"\/de\/wp-json\/wp\/v2\/pages\/16#wpcf7-f303-o1\">\n<fieldset class=\"hidden-fields-container\"><input type=\"hidden\" name=\"_wpcf7\" value=\"303\" \/><input type=\"hidden\" name=\"_wpcf7_version\" value=\"6.1.5\" \/><input type=\"hidden\" name=\"_wpcf7_locale\" value=\"it_IT\" \/><input type=\"hidden\" name=\"_wpcf7_unit_tag\" value=\"wpcf7-f303-o1\" \/><input type=\"hidden\" name=\"_wpcf7_container_post\" value=\"0\" \/><input type=\"hidden\" name=\"_wpcf7_posted_data_hash\" value=\"\" \/><input type=\"hidden\" name=\"_wpcf7_recaptcha_response\" value=\"\" \/>\n<\/fieldset>\n<div class=\"col-xs-12 col-sm-12\">\n\t<p><b style=\" font-size: 18px; margin-bottom: 15px; float: left;\">Schreiben Sie uns f\u00fcr ein Angebot<\/b>\n\t<\/p>\n<\/div>\n<hr \/>\n<div class=\"col-xs-12 col-sm-12\">\n\t<p><span class=\"wpcf7-form-control-wrap\" data-name=\"nome\"><input size=\"40\" maxlength=\"400\" class=\"wpcf7-form-control wpcf7-text wpcf7-validates-as-required\" aria-required=\"true\" aria-invalid=\"false\" placeholder=\"Firmenname*\" value=\"\" type=\"text\" name=\"nome\" \/><\/span><span class=\"wpcf7-form-control-wrap\" data-name=\"email\"><input size=\"40\" maxlength=\"400\" class=\"wpcf7-form-control wpcf7-email wpcf7-validates-as-required wpcf7-text wpcf7-validates-as-email\" aria-required=\"true\" aria-invalid=\"false\" placeholder=\"E-Mail*\" value=\"\" type=\"email\" name=\"email\" \/><\/span>\n\t<\/p>\n<\/div>\n<div class=\"col-xs-12 col-sm-12\">\n\t<p><span class=\"wpcf7-form-control-wrap\" data-name=\"telefono\"><input size=\"40\" maxlength=\"400\" class=\"wpcf7-form-control wpcf7-tel wpcf7-text wpcf7-validates-as-tel\" aria-invalid=\"false\" placeholder=\"Telefon\" value=\"\" type=\"tel\" name=\"telefono\" \/><\/span>\n\t<\/p>\n<\/div>\n<div class=\"col-xs-12 col-sm-12\">\n\t<p><span class=\"wpcf7-form-control-wrap\" data-name=\"messaggio\"><textarea cols=\"40\" rows=\"6\" maxlength=\"2000\" class=\"wpcf7-form-control wpcf7-textarea wpcf7-validates-as-required\" aria-required=\"true\" aria-invalid=\"false\" placeholder=\"Nachricht*\" name=\"messaggio\"><\/textarea><\/span>\n\t<\/p>\n<\/div>\n<div class=\"col-xs-12 col-sm-12\">\n\t<p><span class=\"wpcf7-form-control-wrap\" data-name=\"consenso\"><span class=\"wpcf7-form-control wpcf7-acceptance\"><span class=\"wpcf7-list-item\"><input type=\"checkbox\" name=\"consenso\" value=\"1\" aria-invalid=\"false\" \/><\/span><\/span><\/span> I have read and accept the <a href=\"\/\/www.iubenda.com\/privacy-policy\/7874109\" class=\"iubenda-pp iubenda-it iubenda-nostyle iubenda-embed\" title=\"Privacy Policy\">Privacy Policy<\/a><a href=\"https:\/\/www.iubenda.com\/privacy-policy\/73820197\" class=\"iubenda-pp iubenda-en iubenda-nostyle iubenda-noiframe iubenda-embed iubenda-noiframe\" title=\"Privacy Policy \">Privacy Policy<\/a><a href=\"https:\/\/www.iubenda.com\/privacy-policy\/68090684\" class=\"iubenda-pp iubenda-de iubenda-nostyle iubenda-noiframe iubenda-embed iubenda-noiframe\" title=\"Datenschutzerkl\u00e4rung \">Datenschutzerkl\u00e4rung<\/a><a href=\"https:\/\/www.iubenda.com\/privacy-policy\/39144513\" class=\"iubenda-pp iubenda-fr iubenda-nostyle iubenda-noiframe iubenda-embed iubenda-noiframe\" title=\"Politique de confidentialit\u00e9 \">Politique de confidentialit\u00e9<\/a>\n\t<\/p>\n<\/div>\n<div class=\"col-xs-12 col-sm-12\">\n\t<p><input class=\"wpcf7-form-control wpcf7-submit has-spinner\" type=\"submit\" value=\"Senden\" \/>\n\t<\/p>\n<\/div><div class=\"wpcf7-response-output\" aria-hidden=\"true\"><\/div>\n<input type=\"hidden\" name=\"trp-form-language\" value=\"de\"\/><\/form>\n<\/div>\n<\/div>\n\t\t<\/div><div class=\"b-default-bottom-indent\">\t\t\t<div class=\"textwidget\"><div class=\"col-md-12 col-sm-12 col-xs-12\">  \r\n<div class=\"\">   \r\n<b style=\"font-size: 18px; margin-bottom: 15px; float: left;\">BEARBEITUNGEN<\/b><\/div>\r\n\r\n\t<ul class=\"menu-footer\">\r\n<li class=\"b-top-nav__2level f-top-nav__2level f-primary\"><a href=\"http:\/\/osmek.it\/de\/tornitura-metalli\/\" class=\"menu-link sub-menu-link\"><i class=\"fa b-menu-1level-ico\" data-name=\"\"><\/i><i class=\"fa fa-angle-right\"><\/i>DREHEN <\/a><\/li>\r\n<li class=\"b-top-nav__2level f-top-nav__2level f-primary\"><a href=\"http:\/\/osmek.it\/de\/fresatura\/\" class=\"menu-link sub-menu-link\"><i class=\"fa b-menu-1level-ico\" data-name=\"\"><\/i><i class=\"fa fa-angle-right\"><\/i>FR\u00c4SEN <\/a><\/li>\r\n<li class=\"b-top-nav__2level f-top-nav__2level f-primary\"><a href=\"http:\/\/osmek.it\/de\/tranciatura-di-minuterie-metalliche\/\" class=\"menu-link sub-menu-link\"><i class=\"fa b-menu-1level-ico\" data-name=\"\"><\/i><i class=\"fa fa-angle-right\"><\/i>Stanzen von Metallkleinteilen <\/a><\/li>\r\n<li class=\"b-top-nav__2level f-top-nav__2level f-primary\"><a href=\"http:\/\/osmek.it\/de\/piegatura-di-tubi-in-acciaio-inox\/\" class=\"menu-link sub-menu-link\"><i class=\"fa b-menu-1level-ico\" data-name=\"\"><\/i><i class=\"fa fa-angle-right\"><\/i>Biegen und Formen von Rohren <\/a><\/li>\r\n<li class=\"b-top-nav__2level f-top-nav__2level f-primary\"><a href=\"http:\/\/osmek.it\/de\/lavorazione-da-filo\/\" class=\"menu-link sub-menu-link\"><i class=\"fa b-menu-1level-ico\" data-name=\"\"><\/i><i class=\"fa fa-angle-right\"><\/i>Metalldrahtbearbeitung <\/a><\/li>\r\n<li class=\"b-top-nav__2level f-top-nav__2level f-primary\"><a href=\"http:\/\/osmek.it\/de\/carpenteria-leggera\/\" class=\"menu-link sub-menu-link\"><i class=\"fa b-menu-1level-ico\" data-name=\"\"><\/i><i class=\"fa fa-angle-right\"><\/i>Leichtmetallbau <\/a><\/li>\r\n<li class=\"b-top-nav__2level f-top-nav__2level f-primary\"><a href=\"http:\/\/osmek.it\/de\/trattamenti-galvanici-e-di-finitura-su-ferro-ed-ottone\/\" class=\"menu-link sub-menu-link\"><i class=\"fa b-menu-1level-ico\" data-name=\"\"><\/i><i class=\"fa fa-angle-right\"><\/i>GALVANISCHE UND OBERFL\u00c4CHENBEHANDLUNGEN <\/a><\/li>\r\n<li class=\"b-top-nav__2level f-top-nav__2level f-primary\"><a href=\"http:\/\/osmek.it\/de\/trattamenti-termici\/\" class=\"menu-link sub-menu-link\"><i class=\"fa b-menu-1level-ico\" data-name=\"\"><\/i><i class=\"fa fa-angle-right\"><\/i>W\u00c4RMEBEHANDLUNGEN <\/a><\/li>\r\n<\/ul>\r\n    \r\n<\/div><\/div>\n\t\t<\/div><\/div>\n\t\t<\/div>\n\t<\/div>\n<\/div><\/div><\/div><\/div>","protected":false},"excerpt":{"rendered":"Trattamenti Galvanici e di Finitura su Ferro, \u00a0Ottone e altri materiali Nell' ambito dei trattamenti di finitura Osmek pu\u00f2 naturalmente, grazie alla propria rete di fornitori qualificati, offrire tutti quei trattamenti galvanici, termici e di finitura sempre con l'obbiettivo di fornire i prodotti finiti pronti all'uso ai propri clienti: Per riassumere i seguenti trattamenti galvanici [...]","protected":false},"author":1,"featured_media":0,"parent":0,"menu_order":0,"comment_status":"closed","ping_status":"closed","template":"","meta":{"_bbp_topic_count":0,"_bbp_reply_count":0,"_bbp_total_topic_count":0,"_bbp_total_reply_count":0,"_bbp_voice_count":0,"_bbp_anonymous_reply_count":0,"_bbp_topic_count_hidden":0,"_bbp_reply_count_hidden":0,"_bbp_forum_subforum_count":0,"footnotes":""},"class_list":["post-16","page","type-page","status-publish","hentry"],"yoast_head":"<!-- This site is optimized with the Yoast SEO plugin v27.2 - https:\/\/yoast.com\/product\/yoast-seo-wordpress\/ -->\n<title>Trattamenti Galvanici su Ferro ed Ottone Varese e Milano - Osmek<\/title>\n<meta name=\"description\" content=\"Azienda specializzata nei Trattamenti Galvanici e di Finitura su Ferro ed Ottone in provincia di Varese. Osmek - T. 0331 980000\" \/>\n<meta name=\"robots\" content=\"index, follow, max-snippet:-1, max-image-preview:large, max-video-preview:-1\" \/>\n<link rel=\"canonical\" href=\"https:\/\/osmek.it\/de\/trattamenti-galvanici-e-di-finitura-su-ferro-ed-ottone\/\" \/>\n<meta property=\"og:locale\" content=\"de_DE\" \/>\n<meta property=\"og:type\" content=\"article\" \/>\n<meta property=\"og:title\" content=\"Trattamenti Galvanici su Ferro ed Ottone Varese e Milano - Osmek\" \/>\n<meta property=\"og:description\" content=\"Azienda specializzata nei Trattamenti Galvanici e di Finitura su Ferro ed Ottone in provincia di Varese. Osmek - T. 0331 980000\" \/>\n<meta property=\"og:url\" content=\"https:\/\/osmek.it\/de\/trattamenti-galvanici-e-di-finitura-su-ferro-ed-ottone\/\" \/>\n<meta property=\"og:site_name\" content=\"Osmek s.r.l.\" \/>\n<meta property=\"article:modified_time\" content=\"2016-10-28T07:56:10+00:00\" \/>\n<meta property=\"og:image\" content=\"http:\/\/osmek.it\/wp-content\/uploads\/2016\/01\/trattamenti_galvanici.jpg\" \/>\n<meta name=\"twitter:card\" content=\"summary_large_image\" \/>\n<meta name=\"twitter:label1\" content=\"Gesch\u00e4tzte Lesezeit\" \/>\n\t<meta name=\"twitter:data1\" content=\"2\u00a0Minuten\" \/>\n<script type=\"application\/ld+json\" class=\"yoast-schema-graph\">{\"@context\":\"https:\/\/schema.org\",\"@graph\":[{\"@type\":\"WebPage\",\"@id\":\"https:\/\/osmek.it\/trattamenti-galvanici-e-di-finitura-su-ferro-ed-ottone\/\",\"url\":\"https:\/\/osmek.it\/trattamenti-galvanici-e-di-finitura-su-ferro-ed-ottone\/\",\"name\":\"Trattamenti Galvanici su Ferro ed Ottone Varese e Milano - Osmek\",\"isPartOf\":{\"@id\":\"https:\/\/osmek.it\/#website\"},\"primaryImageOfPage\":{\"@id\":\"https:\/\/osmek.it\/trattamenti-galvanici-e-di-finitura-su-ferro-ed-ottone\/#primaryimage\"},\"image\":{\"@id\":\"https:\/\/osmek.it\/trattamenti-galvanici-e-di-finitura-su-ferro-ed-ottone\/#primaryimage\"},\"thumbnailUrl\":\"http:\/\/osmek.it\/wp-content\/uploads\/2016\/01\/trattamenti_galvanici.jpg\",\"datePublished\":\"2016-01-25T17:19:05+00:00\",\"dateModified\":\"2016-10-28T07:56:10+00:00\",\"description\":\"Azienda specializzata nei Trattamenti Galvanici e di Finitura su Ferro ed Ottone in provincia di Varese. Osmek - T. 0331 980000\",\"breadcrumb\":{\"@id\":\"https:\/\/osmek.it\/trattamenti-galvanici-e-di-finitura-su-ferro-ed-ottone\/#breadcrumb\"},\"inLanguage\":\"de\",\"potentialAction\":[{\"@type\":\"ReadAction\",\"target\":[\"https:\/\/osmek.it\/trattamenti-galvanici-e-di-finitura-su-ferro-ed-ottone\/\"]}]},{\"@type\":\"ImageObject\",\"inLanguage\":\"de\",\"@id\":\"https:\/\/osmek.it\/trattamenti-galvanici-e-di-finitura-su-ferro-ed-ottone\/#primaryimage\",\"url\":\"http:\/\/osmek.it\/wp-content\/uploads\/2016\/01\/trattamenti_galvanici.jpg\",\"contentUrl\":\"http:\/\/osmek.it\/wp-content\/uploads\/2016\/01\/trattamenti_galvanici.jpg\"},{\"@type\":\"BreadcrumbList\",\"@id\":\"https:\/\/osmek.it\/trattamenti-galvanici-e-di-finitura-su-ferro-ed-ottone\/#breadcrumb\",\"itemListElement\":[{\"@type\":\"ListItem\",\"position\":1,\"name\":\"Home\",\"item\":\"https:\/\/osmek.it\/\"},{\"@type\":\"ListItem\",\"position\":2,\"name\":\"Trattamenti Galvanici e di Finitura\"}]},{\"@type\":\"WebSite\",\"@id\":\"https:\/\/osmek.it\/#website\",\"url\":\"https:\/\/osmek.it\/\",\"name\":\"Osmek s.r.l.\",\"description\":\"\",\"potentialAction\":[{\"@type\":\"SearchAction\",\"target\":{\"@type\":\"EntryPoint\",\"urlTemplate\":\"https:\/\/osmek.it\/?s={search_term_string}\"},\"query-input\":{\"@type\":\"PropertyValueSpecification\",\"valueRequired\":true,\"valueName\":\"search_term_string\"}}],\"inLanguage\":\"de\"}]}<\/script>\n<!-- \/ Yoast SEO plugin. -->","yoast_head_json":{"title":"Trattamenti Galvanici su Ferro ed Ottone Varese e Milano - Osmek","description":"Azienda specializzata nei Trattamenti Galvanici e di Finitura su Ferro ed Ottone in provincia di Varese. Osmek - T. 0331 980000","robots":{"index":"index","follow":"follow","max-snippet":"max-snippet:-1","max-image-preview":"max-image-preview:large","max-video-preview":"max-video-preview:-1"},"canonical":"https:\/\/osmek.it\/de\/trattamenti-galvanici-e-di-finitura-su-ferro-ed-ottone\/","og_locale":"de_DE","og_type":"article","og_title":"Trattamenti Galvanici su Ferro ed Ottone Varese e Milano - Osmek","og_description":"Azienda specializzata nei Trattamenti Galvanici e di Finitura su Ferro ed Ottone in provincia di Varese. Osmek - T. 0331 980000","og_url":"https:\/\/osmek.it\/de\/trattamenti-galvanici-e-di-finitura-su-ferro-ed-ottone\/","og_site_name":"Osmek s.r.l.","article_modified_time":"2016-10-28T07:56:10+00:00","og_image":[{"url":"http:\/\/osmek.it\/wp-content\/uploads\/2016\/01\/trattamenti_galvanici.jpg","type":"","width":"","height":""}],"twitter_card":"summary_large_image","twitter_misc":{"Gesch\u00e4tzte Lesezeit":"2\u00a0Minuten"},"schema":{"@context":"https:\/\/schema.org","@graph":[{"@type":"WebPage","@id":"https:\/\/osmek.it\/trattamenti-galvanici-e-di-finitura-su-ferro-ed-ottone\/","url":"https:\/\/osmek.it\/trattamenti-galvanici-e-di-finitura-su-ferro-ed-ottone\/","name":"Trattamenti Galvanici su Ferro ed Ottone Varese e Milano - Osmek","isPartOf":{"@id":"https:\/\/osmek.it\/#website"},"primaryImageOfPage":{"@id":"https:\/\/osmek.it\/trattamenti-galvanici-e-di-finitura-su-ferro-ed-ottone\/#primaryimage"},"image":{"@id":"https:\/\/osmek.it\/trattamenti-galvanici-e-di-finitura-su-ferro-ed-ottone\/#primaryimage"},"thumbnailUrl":"http:\/\/osmek.it\/wp-content\/uploads\/2016\/01\/trattamenti_galvanici.jpg","datePublished":"2016-01-25T17:19:05+00:00","dateModified":"2016-10-28T07:56:10+00:00","description":"Azienda specializzata nei Trattamenti Galvanici e di Finitura su Ferro ed Ottone in provincia di Varese. Osmek - T. 0331 980000","breadcrumb":{"@id":"https:\/\/osmek.it\/trattamenti-galvanici-e-di-finitura-su-ferro-ed-ottone\/#breadcrumb"},"inLanguage":"de","potentialAction":[{"@type":"ReadAction","target":["https:\/\/osmek.it\/trattamenti-galvanici-e-di-finitura-su-ferro-ed-ottone\/"]}]},{"@type":"ImageObject","inLanguage":"de","@id":"https:\/\/osmek.it\/trattamenti-galvanici-e-di-finitura-su-ferro-ed-ottone\/#primaryimage","url":"http:\/\/osmek.it\/wp-content\/uploads\/2016\/01\/trattamenti_galvanici.jpg","contentUrl":"http:\/\/osmek.it\/wp-content\/uploads\/2016\/01\/trattamenti_galvanici.jpg"},{"@type":"BreadcrumbList","@id":"https:\/\/osmek.it\/trattamenti-galvanici-e-di-finitura-su-ferro-ed-ottone\/#breadcrumb","itemListElement":[{"@type":"ListItem","position":1,"name":"Home","item":"https:\/\/osmek.it\/"},{"@type":"ListItem","position":2,"name":"Trattamenti Galvanici e di Finitura"}]},{"@type":"WebSite","@id":"https:\/\/osmek.it\/#website","url":"https:\/\/osmek.it\/","name":"Osmek s.r.l.","description":"","potentialAction":[{"@type":"SearchAction","target":{"@type":"EntryPoint","urlTemplate":"https:\/\/osmek.it\/?s={search_term_string}"},"query-input":{"@type":"PropertyValueSpecification","valueRequired":true,"valueName":"search_term_string"}}],"inLanguage":"de"}]}},"_links":{"self":[{"href":"https:\/\/osmek.it\/de\/wp-json\/wp\/v2\/pages\/16","targetHints":{"allow":["GET"]}}],"collection":[{"href":"https:\/\/osmek.it\/de\/wp-json\/wp\/v2\/pages"}],"about":[{"href":"https:\/\/osmek.it\/de\/wp-json\/wp\/v2\/types\/page"}],"author":[{"embeddable":true,"href":"https:\/\/osmek.it\/de\/wp-json\/wp\/v2\/users\/1"}],"replies":[{"embeddable":true,"href":"https:\/\/osmek.it\/de\/wp-json\/wp\/v2\/comments?post=16"}],"version-history":[{"count":23,"href":"https:\/\/osmek.it\/de\/wp-json\/wp\/v2\/pages\/16\/revisions"}],"predecessor-version":[{"id":613,"href":"https:\/\/osmek.it\/de\/wp-json\/wp\/v2\/pages\/16\/revisions\/613"}],"wp:attachment":[{"href":"https:\/\/osmek.it\/de\/wp-json\/wp\/v2\/media?parent=16"}],"curies":[{"name":"wp","href":"https:\/\/api.w.org\/{rel}","templated":true}]}}